{"id":88,"date":"2015-08-14T09:38:32","date_gmt":"2015-08-14T07:38:32","guid":{"rendered":"http:\/\/b2b.malta1097.startdedicated.de\/?page_id=88"},"modified":"2026-04-02T13:28:52","modified_gmt":"2026-04-02T11:28:52","slug":"kommerzielles-entertainment","status":"publish","type":"page","link":"https:\/\/b2b.raceroom.com\/de\/kommerzielles-entertainment\/","title":{"rendered":"Kommerzielles Entertainment"},"content":{"rendered":"<div class=\"wpb-content-wrapper\"><p>[vc_row][vc_column][vc_empty_space][\/vc_column][\/vc_row][vc_row][vc_column width=&#8220;5\/12&#8243; css=&#8220;.vc_custom_1501671785454{border-radius: 1px !important;}&#8220;][vc_column_text]<\/p>\n<h2><strong>Kommerzielles Entertainment<\/strong><\/h2>\n<h4><strong><b>Station\u00e4re Entertainment-Konzepte f\u00fcr ein ultimatives eSport Erlebnis<\/b><\/strong><\/h4>\n<p>[\/vc_column_text][vc_column_text]eSport, der sportliche Wettkampf mit Computerspielen, ist ein weltweit boomender Markt. eSport-Meisterschaften f\u00fcllen ganze Arenen und werden in Amerika, Korea und Japan sogar im TV \u00fcbertragen. Nutzen Sie diese innovative Art des Entertainment und sorgen Sie f\u00fcr die richtige Startaufstellung in Ihrer Location in der sich Menschen begegnen, Spa\u00df haben und etwas erleben wollen. Entf\u00fchren Sie in die faszinierende Welt des virtuellen Motorsports und entfesseln Sie das Adrenalin Ihrer Kunden mit einem mitrei\u00dfenden Motorsport Erlebnis.<\/p>\n<p>&nbsp;<\/p>\n<h3>Geeignet f\u00fcr:<\/h3>\n<ul>\n<li>Entertainment- und Freizeit Center<\/li>\n<li>Bowling- oder Billiard Center<\/li>\n<li>Multi- Event Center<\/li>\n<li>Sports Bars und Club<\/li>\n<li>Einkaufszentrum<\/li>\n<li>Casino<\/li>\n<li>Vereinsheim<\/li>\n<\/ul>\n<p>&nbsp;<\/p>\n<p>Heben Sie sich vom Wettbewerb in der Branche ab und bringen Sie als Attraktion die besten Rennserien wie der DTM, ADAC GT Masters und WTCC zum erleben und gegeneinander antreten in Ihre Location. Liefern Sie Ihren Kunden ein spannendes Erlebnis, das man so zuhause nicht haben kann.[\/vc_column_text][vc_images_carousel images=&#8220;1526,1557,1572&#8243; onclick=&#8220;link_no&#8220; slides_per_view=&#8220;3&#8243; hide_pagination_control=&#8220;yes&#8220; hide_prev_next_buttons=&#8220;yes&#8220;][vc_column_text]Ein einfacher, kostenoptimierter Betrieb, automatische Abl\u00e4ufe und f\u00fcr Gruppen und Zuschauer optimierte Funktionen machen RaceRoom als Publikumsmagnet zum finanziell hoch attraktiven Konzept f\u00fcr den weiteren Ausbau Ihres Entertainmentangebots.<\/p>\n<p>&nbsp;<\/p>\n<p>Die station\u00e4ren RaceRoom Entertainment-Konzepte sind eindrucksvoll und platzsparend zugleich, erprobt und verl\u00e4sslich. Kombiniert mit einem hohen erzielbaren Ergebnis je Quadratmeter, sind die RaceRoom Konzepte f\u00fcr kommerzielles Entertainment eine aufregende Wahl f\u00fcr ein au\u00dfergew\u00f6hnliches Unterhaltungsangebot.<\/p>\n<p>&nbsp;<\/p>\n<ul>\n<li>Schl\u00fcsselfertige Konzepte \u2013 Hardware und Software aus einer Hand<\/li>\n<li>Einfacher und professioneller Aufbau \u2013 effiziente Raumnutzung<\/li>\n<li>Top Preis-Leistungsverh\u00e4ltnis \u2013 kurze Amortisationszeit<\/li>\n<li>Einzigartige Event-Software f\u00fcr einen automatisierten, betreuungsarmen Betrieb<\/li>\n<li>2 bis 24 Simulatoren in einem Netzwerk f\u00fcr packende Rennen gegeneinander<\/li>\n<li>automatische, in der Software integrierte Kundendatenerfassung<\/li>\n<li>In-game Advertising der neusten Generation (Videos, Werbescreens, etc.)<\/li>\n<\/ul>\n<p>[\/vc_column_text][\/vc_column][vc_column width=&#8220;1\/12&#8243;][vc_empty_space][\/vc_column][vc_column width=&#8220;5\/12&#8243;][vc_empty_space height=&#8220;20px&#8220;][vc_video link=&#8220;https:\/\/youtu.be\/LK8XnErMJXI&#8220;][vc_empty_space][vc_column_text]<\/p>\n<blockquote><p><b>\u201cUnser RaceRoom ist so erfolgreich wie 12 weitere Bowlingbahnen mit dem Platzbedarf einer einzigen Bahn.\u201d<\/b><\/p>\n<p>&nbsp;<\/p>\n<p>Johan Andersson, Event Manager, BallBreaker Stockholm<\/p><\/blockquote>\n<p>[\/vc_column_text][vc_empty_space][vc_column_text]<\/p>\n<h3>RACEROOM ist:<\/h3>\n<p><b>Entertainment<\/b> \u2013 nichts ist unterhaltsamer als der Wettbewerb gegen Freunde.<\/p>\n<p><b>Spannend<\/b> \u2013 immer wieder aufs neue ein emotionales Erlebnis.<\/p>\n<p><b>Effizient<\/b> \u2013 wenig Platz f\u00fcr maximales Erlebnis und vergleichbar hohen Umsatz pro Quadratmeter.<\/p>\n<p><b>Trendy \u2013 <\/b>passt perfekt f\u00fcr den neuen Multi-Event-Center Trend.<\/p>\n<p>&nbsp;<\/p>\n<p>&nbsp;<\/p>\n<h3>RACEROOM bietet:<\/h3>\n<p><b>Attraktion \u2013 <\/b>die Faszination Motorsport als Magnet f\u00fcr Gruppen.<\/p>\n<p><b>Neues Business \u2013 <\/b>er\u00f6ffnet einen neuen Einnahmekanal.<\/p>\n<p><b>Offizielle Spielinhalte \u2013<\/b> echte Rennsport Serien wie DTM, ADAC GT Masters und WTCC.<\/p>\n<p><b>Beeindruckender ROI \u2013<\/b> an einem Tag integriert, meist im ersten Jahr amortisiert.[\/vc_column_text][vc_empty_space][vc_column_text]<\/p>\n<h2 style=\"text-align: center;\"><a href=\"mailto:sales@raceroom.com\">Jetzt individuelles Angebot anfordern<\/a><\/h2>\n<p>[\/vc_column_text][\/vc_column][\/vc_row][vc_row][vc_column][vc_column_text]<\/p>\n<div class=\"wpb_text_column wpb_content_element \">\n<div class=\"wpb_wrapper\">\n<h2>Mehr erfahren:<\/h2>\n<\/div>\n<\/div>\n<div class=\"no_parallax in_container \"><\/div>\n<p>[\/vc_column_text][vc_accordion active_tab=&#8220;false&#8220; collapsible=&#8220;yes&#8220;][vc_accordion_tab title=&#8220;Simulatoren Systeme&#8220;][vc_column_text]Das Equipment f\u00fcr Ihre Show \u2013 modular und repr\u00e4sentativ<\/p>\n<p>&nbsp;<\/p>\n<p>Transportieren Sie den Nervenkitzel des Motorsports direkt in Ihr Lokal. Ob Einzelrennen gegen die Zeit f\u00fcr die F\u00fchrung in der Lokal-Rangliste, packende Positionsk\u00e4mpfe bei Rennen direkt gegeneinander, bis hin zu spannenden lokalen Meisterschaften \u2013 eine adrenalingeladene Unterhaltung f\u00fcr Jung und Alt und Fahrer wie Zuschauer ist garantiert!<\/p>\n<p>&nbsp;<\/p>\n<p>RaceRoom ist schl\u00fcsselfertig dort, wo Kunden unterhalten werden: Ob ein 2er oder 4er Simulatoren System z.B. im Billard- oder Bowling Center, bis hin zur voll ausgestatteten eigenst\u00e4ndigen RaceRoom Location, wie weit die Integration der RaceRoom Konzepte in Ihr Gesch\u00e4ftsmodell auch geht, es ist immer eine L\u00f6sung aus einer Hand. RaceRoom ist ein einmaliges innovatives Unterhaltungskonzept, das die weltweit vollst\u00e4ndigste Umsetzung von virtuellem Motorsport bietet.<\/p>\n<p>&nbsp;<\/p>\n<p>Bis zu 24 Simulatoren k\u00f6nnen in einem Netzwerk betrieben werden. Damit k\u00f6nnen bis zu 24 Fahrer gleichzeitig auf einer Rennstrecken gegeneinander antreten \u2013 Rennfeeling pur und ein unvergleichlicher Spa\u00df f\u00fcr Jung und Alt!<\/p>\n<p>&nbsp;<\/p>\n<p>Sportsitz, Force Feedback Sportlenkrad mit Schaltwippen und Surround Sound sorgen f\u00fcr das richtige Rennfahrer-Feeling.<\/p>\n<p>&nbsp;<\/p>\n<h3>Flightcase-Simulatoren Systeme<\/h3>\n<p>&nbsp;<\/p>\n<p>Den einfachsten und flexibelsten Aufbau eines Rennsport Events k\u00f6nnen wir mit unseren Flightcase Simulatoren realisieren. Die flexible Anzahl an Simulatoren werden in einem LAN Netzwerk mit dem zentralen Race Control verbunden und erm\u00f6glichen den Einsatz eines vollfunktionsf\u00e4higen RaceRooms auch bei geringen Platzverh\u00e4ltnissen.<\/p>\n<p>&nbsp;<\/p>\n<ul>\n<li>flexibel an die \u00f6rtlichen Gegebenheiten anpassbar, auch an geringe Platzverh\u00e4ltnisse<\/li>\n<li>mit nur wenigen Handgriffen ohne Montage einsatzbereit<\/li>\n<li>automatisierter Eventablauf dank Bedienung \u00fcber zentralen Kiosk<\/li>\n<li>nach Bezahlung ist Selbstbedienung durch den Besucher theoretisch m\u00f6glich<\/li>\n<li>automatisierte Live Leaderboard-Anzeige mit bester Rundenzeit aller Teilnehmer<\/li>\n<li>einzigartige Individualisierungsm\u00f6glichkeiten der Eventsoftware<\/li>\n<li>zahlreiche Branding Optionen f\u00fcr Hardware und Software<\/li>\n<li>Automatische Live Broadcast Funktion f\u00fcr Zuschauer<\/li>\n<\/ul>\n<p>&nbsp;<\/p>\n<h4><b>Technische Daten:<\/b><\/h4>\n<p>Abmessungen: 1325x625x800 mm (LxBxH)<\/p>\n<p>Platzbedarf: mind. 2 qm\/ Simulator<\/p>\n<p>Gesamtgewicht: ca. 70 kg<\/p>\n<p>Strombedarf: 240 V, 8 A[\/vc_column_text][vc_images_carousel images=&#8220;1594,70,1595&#8243; slides_per_view=&#8220;3&#8243; hide_pagination_control=&#8220;yes&#8220; hide_prev_next_buttons=&#8220;yes&#8220;][vc_column_text]<\/p>\n<h3><b>Podest-Simulatoren Systeme mit Rollcage<\/b><\/h3>\n<p>Im Unterhaltungsbereich empfehlen wir unseren beeindruckendsten Aufbau eines Rennsport-Events mit unseren Podest Simulatoren mit 42\u201d Widescreen oder Triple Screens und \u00dcberrollb\u00fcgel.<\/p>\n<p>&nbsp;<\/p>\n<p>Die flexible Anzahl an Simulatoren werden in einem LAN Netzwerk mit dem zentralen Race Control verbunden und erm\u00f6glichen den Einsatz eines vollfunktionsf\u00e4higen RaceRooms auch bei geringen Platzverh\u00e4ltnissen. <b>\u00a0\u00a0<\/b><\/p>\n<p><b>\u00a0\u00a0\u00a0<\/b><\/p>\n<ul>\n<li>Professionelle und eindrucksvolle Renn-Simulatoren<\/li>\n<li>Einfache \u201cPlug &amp; Play\u201d Installation<\/li>\n<li>flexibel an die \u00f6rtlichen Gegebenheiten anpassbar, auch an geringe Platzverh\u00e4ltnisse<\/li>\n<li>automatisierter Eventablauf dank intuitiver Bedienung \u00fcber zentralen Kiosk<\/li>\n<li>nach Bezahlung ist Selbstbedienung durch den Besucher theoretisch m\u00f6glich<\/li>\n<li>automatisierte Live Leaderboard-Anzeige mit bester Rundenzeit aller Teilnehmer<\/li>\n<li>einzigartige Individualisierungsm\u00f6glichkeiten der Eventsoftware<\/li>\n<li>zahlreiche Branding Optionen f\u00fcr Hardware und Software<\/li>\n<li>Automatische Live Broadcast Funktion f\u00fcr Zuschauer<\/li>\n<\/ul>\n<p>&nbsp;<\/p>\n<h4><b>Technische Daten:<\/b><\/h4>\n<p>Abmessungen: 2200x950x1770 mm (LxBxH)<\/p>\n<p>Platzbedarf: bis zu 4 qm\/ Simulator je nach Monitorgr\u00f6\u00dfe<\/p>\n<p>Gesamtgewicht: ca. 150 kg<\/p>\n<p>Strombedarf: 240 V, 8 A[\/vc_column_text][vc_images_carousel images=&#8220;1600,1602,1601&#8243; slides_per_view=&#8220;3&#8243; hide_pagination_control=&#8220;yes&#8220; hide_prev_next_buttons=&#8220;yes&#8220;][vc_column_text]<\/p>\n<h3><strong>3Motion Simulator<\/strong><\/h3>\n<p>&nbsp;<\/p>\n<p>Die Kraft des 3Motion wirkt bei jeder Beschleunigungsphase, in jeder Kurve und auf der Bremse. Man sp\u00fcrt jede Unebenheit auf der Strecke, jede Bodenwelle, jeden Kerb. Das Lenkrad und die Bremsen vermitteln Pr\u00e4zision und ein perfektes Gef\u00fchl f\u00fcr die Fahrbahn. So realistisch kann man Motorsport sonst nur im echten Rennwagen erleben.<\/p>\n<p>Der 3Motion Simulator stellt die K\u00f6nigsklasse unter den Simulatoren dar. Lediglich die hochwertigsten Komponenten wurden verwendet, und die in Deutschland entwickelte TrackTime-Technologie garantiert authentisches Fahrverhalten. Dieser Simulator hinterl\u00e4sst auf jedem Event einen bleibenden Eindruck bei Ihren G\u00e4sten.<\/p>\n<p>&nbsp;<\/p>\n<ul>\n<li>Komplett ausgestatteter High-End 3Motion Simulator, einsatzf\u00e4hig in wenigen Schritten<\/li>\n<li>Authentisches Gef\u00fchl der G-Kr\u00e4fte und f\u00fcr Unebenheiten auf der virtuellen Rennstrecke<\/li>\n<li>Dank eines DirectDrive-Lenkrades f\u00fchlt man die Kraft des Fahrzeugs, wie bei einem echten Wagen<\/li>\n<li>Hochwertiges Motorsport GT Lenkrad mit Carbon Schaltpaddeln<\/li>\n<li>Virtual Reality Support f\u00fcr Realismus auf dem h\u00f6chsten Level<\/li>\n<li>Load Cell Bremsen, die \u00fcber den Pedaldruck kontrolliert werden (auf Wunsch bis zu 150 kg Bremskraft)<\/li>\n<li>Eventsteuerungssoftware mit zahlreichen Funktionen und Optionen<\/li>\n<li>Zahlreiche Optionen zum Branding der Hardware und Software<\/li>\n<\/ul>\n<p>&nbsp;<\/p>\n<h4><b>Technische Daten:<\/b><\/h4>\n<ul>\n<li>Voraussetzungen: ebener fester Unterboden<\/li>\n<li>Abmessung: 1.650\/850\/1.750mm (L\/B\/H)<\/li>\n<li>Gesamtgewicht: ca. 170kg<\/li>\n<li>Strombedarf: 240V, 8A<\/li>\n<li>Platzbedarf: mind. 2.5m \/Simulator<\/li>\n<\/ul>\n<p>[\/vc_column_text][vc_images_carousel images=&#8220;1682,1683,1684&#8243; slides_per_view=&#8220;3&#8243; hide_pagination_control=&#8220;yes&#8220; hide_prev_next_buttons=&#8220;yes&#8220;][vc_images_carousel images=&#8220;1687,1685,1673&#8243; slides_per_view=&#8220;3&#8243; hide_pagination_control=&#8220;yes&#8220; hide_prev_next_buttons=&#8220;yes&#8220;][\/vc_accordion_tab][vc_accordion_tab title=&#8220;eRacing Software&#8220;][vc_column_text]<\/p>\n<h4><b>Das Herzst\u00fcck eines besonderen Erlebnisses: Die eRacing Event Software<\/b><\/h4>\n<p>&nbsp;<\/p>\n<ul>\n<li>die Faszination Motorsport authentisch virtuell erfahren<\/li>\n<li>\u00fcber 120 offiziell lizenzierte Rennfahrzeuge, \u00fcber 35 weltbekannte Rennstrecken<\/li>\n<li>offizielle Rennserien wie ADAC GT Masters, DTM, WTCC, und Audi TT Cup<\/li>\n<li>perfekt simulierte Fahrphysik und eine Soundkulisse wie im echten Motorsport<\/li>\n<li>Ihr Logo exklusiv im Rampenlicht eines emotionalen Wettkampf-Erlebnisses<\/li>\n<\/ul>\n<p>[\/vc_column_text][vc_column_text]Die RR Event Software erm\u00f6glicht Ihnen den automatisierten Ablauf Ihres Motorsport Events. Die Bedienung ist einfach und komplett durchorganisiert. Mit einem Touchscreen-Buchungssystem inklusive automatischer Kundenregistrierung k\u00f6nnten Ihre Kunden theoretisch die vordefinierten Renn-Formate wie Einzelzeitfahren oder Rennen gegeneinander auch ohne Betreuung selbst starten.<\/p>\n<p>&nbsp;<\/p>\n<p>Es werden automatisch Ergebnislisten der jeweils besten Rundenzeiten Ihrer Besucher mit Darstellung der eingegebenen Namen live generiert. Die registrierten Nutzerdaten k\u00f6nnen bei Zustimmung f\u00fcr weiterf\u00fchrende Promotion-Aktionen wie z.B. Gewinnspiele verwendet werden.<\/p>\n<p>Zahlreiche Optionen zur Individualisierung des Software-Men\u00fcs und der Werbung auf der Rennstrecke (In-Game Advertising) erm\u00f6glichen Ihnen einen einheitlichen Auftritt in Ihrer Corporate Identity. So steht Ihr Logo exklusiv im Zentrum einer aufregenden Rennsportveranstaltung.<\/p>\n<p>&nbsp;<\/p>\n<p>Als besonderes Highlight f\u00fcr alle Zuschauer k\u00f6nnen die Multiplayer Rennen direkt gegeneinander mittels automatischer Broadcast Funktion live auf jedem beliebigen TV, LED Screen oder Leinwand \u00fcbertragen werden.[\/vc_column_text][vc_column_text]<\/p>\n<h4><b>Steuerung und Konfiguration:<\/b><\/h4>\n<p>&nbsp;<\/p>\n<ul>\n<li>Erstellung von Events (Auswahl von Fahrzeug, Strecke, Spiele-Modi, und Renndauer)<\/li>\n<li>Selbsterkl\u00e4rende Anmeldeoberfl\u00e4che f\u00fcr Kunden<\/li>\n<li>Automatisch generierte Wettbewerbe<\/li>\n<li>Rennen auf Zeit (Time Attack) und Multiplayer-Rennen gegeneinander<\/li>\n<li>Live Leaderboard-Anzeige mit Daten\u00fcbertragung in Echtzeit<\/li>\n<li>Organisation von Meisterschaften (auch an verschiedenen Standorten, \u00fcber einen frei definierbaren Zeitraum austragbar)<\/li>\n<\/ul>\n<p>[\/vc_column_text][vc_images_carousel images=&#8220;1412,1579,1580&#8243; slides_per_view=&#8220;3&#8243; hide_pagination_control=&#8220;yes&#8220; hide_prev_next_buttons=&#8220;yes&#8220;][vc_column_text]<\/p>\n<h4><b>Broadcast:<\/b><\/h4>\n<p>&nbsp;<\/p>\n<ul>\n<li>Live \u00dcbertragung des Renngeschehens wie im TV mit automatischer Regie-Funktion und Positionsanzeige<\/li>\n<li>HDMI- Signal Ausgabe<\/li>\n<li>Videosignal Ausgabe auf externen Bildschirmen, Videow\u00e4nden oder als Online Stream<\/li>\n<\/ul>\n<p>[\/vc_column_text][vc_images_carousel images=&#8220;1411,1571,1565&#8243; onclick=&#8220;custom_link&#8220; slides_per_view=&#8220;3&#8243; hide_pagination_control=&#8220;yes&#8220; hide_prev_next_buttons=&#8220;yes&#8220; custom_links=&#8220;amg-online-race-competition,amg-online-race-competition,amg-online-race-competition&#8220;][vc_column_text]<\/p>\n<h4><b>Werbe- <\/b><b>und Kommunikationsm\u00f6glichkeiten:<\/b><\/h4>\n<p>&nbsp;<\/p>\n<ul>\n<li>Ihr Logo als Rennstrecken-Banner und im Software-Men\u00fc<\/li>\n<li>Einbindung Ihrer Videos, Grafiken und Werbebotschaften<\/li>\n<li>Individuelle Werbebotschaften vor und nach dem Event kommunizieren<\/li>\n<\/ul>\n<p>[\/vc_column_text][vc_images_carousel images=&#8220;1560,1461,1563&#8243; slides_per_view=&#8220;3&#8243; hide_pagination_control=&#8220;yes&#8220; hide_prev_next_buttons=&#8220;yes&#8220;][\/vc_accordion_tab][vc_accordion_tab title=&#8220;Hardware Branding&#8220;][vc_column_text]Die Simulatoren-Systeme k\u00f6nnen mit Ihrem Logo oder denen Ihrer Werbepartner individuell angepasst werden.<\/p>\n<p>&nbsp;<\/p>\n<p>Bei den Simulatoren sind gerade die Sitzr\u00fcckseiten und Sockelleisten rundherum darauf ausgelegt, mit Ihrem Logo individualisiert zu werden.<\/p>\n<p>&nbsp;<\/p>\n<p>Bei den Podest-Simulatoren besteht die M\u00f6glichkeit, den Rollk\u00e4fig in Ihren Firmenfarben zu lackieren.[\/vc_column_text][vc_images_carousel images=&#8220;1452,1577,1451&#8243; slides_per_view=&#8220;3&#8243; hide_pagination_control=&#8220;yes&#8220; hide_prev_next_buttons=&#8220;yes&#8220;][\/vc_accordion_tab][vc_accordion_tab title=&#8220;ROI Beispielrechnung&#8220;][vc_column_text]4 Simulatoren auf 8 Quadratmeter Fl\u00e4che @ 6 EUR f\u00fcr 10 Minuten Renn-Sessions<\/p>\n<p>4 Simulatoren x 6 Renn-Sessions\/ Stunde \u00e1 6 EUR x 2 Stunden\/ Tag x 12 Tage\/ Monat<\/p>\n<p>= Umsatz: 3.450 EUR\/ Monat \u2259 430 EUR\/ Quadratmeter\/ Monat<\/p>\n<p>= Break Even: nach 7-10 Monate (je nach Ausstattung)[\/vc_column_text][\/vc_accordion_tab][\/vc_accordion][\/vc_column][\/vc_row][vc_row][vc_column][vc_column_text]<\/p>\n<div class=\"wpb_text_column wpb_content_element \">\n<div class=\"wpb_wrapper\">\n<h2>Ihr\u00a0Kontakt\u00a0f\u00fcr\u00a0n\u00e4here Informationen:<\/h2>\n<\/div>\n<\/div>\n<div class=\"no_parallax in_container \"><\/div>\n<p>[\/vc_column_text][\/vc_column][\/vc_row][vc_row][vc_column width=&#8220;1\/3&#8243;][vc_column_text]<\/p>\n<h4><strong>Deutschland \/ International<\/strong><\/h4>\n<p>E-Mail: <a href=\"mailto:sales@RaceRoom.com\" target=\"_blank\" rel=\"noopener noreferrer\">sales@raceroom.com<\/a><\/p>\n<p>Telefon: +49 7971 \/\u00a09630-181[\/vc_column_text][\/vc_column][vc_column width=&#8220;1\/3&#8243;][vc_column_text css=&#8220;&#8220;]<\/p>\n<h4><strong>USA<\/strong><\/h4>\n<p>E-Mail: <a href=\"mailto:info@wantecvr.com\">info@wantecvr.com<\/a><\/p>\n<p>Telefon: +1 (864) 509 1077[\/vc_column_text][\/vc_column][vc_column width=&#8220;1\/3&#8243;][vc_column_text css=&#8220;&#8220;]<\/p>\n<h4><strong>UAE \/ Middle East<\/strong><\/h4>\n<p>E-Mail:\u00a0<a class=\"col1998E9\" href=\"mailto:info@p-1.me\" target=\"_blank\" rel=\"noopener noreferrer\"><span class=\"colour\">info@p-1.me<\/span><\/a><\/p>\n<p>Telefon: +971 (0) 4 3721160[\/vc_column_text][\/vc_column][\/vc_row]<\/p>\n<\/div>","protected":false},"excerpt":{"rendered":"<p>[vc_row][vc_column][vc_empty_space][\/vc_column][\/vc_row][vc_row][vc_column width=&#8220;5\/12&#8243; css=&#8220;.vc_custom_1501671785454{border-radius: 1px !important;}&#8220;][vc_column_text] Kommerzielles Entertainment Station\u00e4re Entertainment-Konzepte f\u00fcr ein ultimatives eSport Erlebnis [\/vc_column_text][vc_column_text]eSport, der sportliche Wettkampf mit Computerspielen, ist ein weltweit boomender Markt. eSport-Meisterschaften f\u00fcllen ganze Arenen und werden in Amerika, Korea und Japan sogar im TV \u00fcbertragen. Nutzen Sie diese innovative Art des Entertainment und sorgen Sie f\u00fcr die richtige Startaufstellung in [&hellip;]<\/p>\n","protected":false},"author":2,"featured_media":0,"parent":0,"menu_order":0,"comment_status":"open","ping_status":"open","template":"","meta":{"_acf_changed":false,"footnotes":""},"class_list":["post-88","page","type-page","status-publish","hentry"],"acf":[],"yoast_head":"<!-- This site is optimized with the Yoast SEO plugin v25.2 - https:\/\/yoast.com\/wordpress\/plugins\/seo\/ -->\n<title>Kommerzielles Entertainment - Raceroom.com B2B<\/title>\n<meta name=\"description\" content=\"Ein einfacher, kostenoptimierter Betrieb, automatische Abl\u00e4ufe und f\u00fcr Gruppen und Zuschauer optimierte Funktionen machen RaceRoom als Publikumsmagnet zum finanziell hoch attraktiven Konzept f\u00fcr den weiteren Ausbau Ihres Entertainmentangebots.\" \/>\n<meta name=\"robots\" content=\"index, follow, max-snippet:-1, max-image-preview:large, max-video-preview:-1\" \/>\n<link rel=\"canonical\" href=\"https:\/\/b2b.raceroom.com\/de\/kommerzielles-entertainment\/\" \/>\n<meta property=\"og:locale\" content=\"de_DE\" \/>\n<meta property=\"og:type\" content=\"article\" \/>\n<meta property=\"og:title\" content=\"Kommerzielles Entertainment - Raceroom.com B2B\" \/>\n<meta property=\"og:description\" content=\"Ein einfacher, kostenoptimierter Betrieb, automatische Abl\u00e4ufe und f\u00fcr Gruppen und Zuschauer optimierte Funktionen machen RaceRoom als Publikumsmagnet zum finanziell hoch attraktiven Konzept f\u00fcr den weiteren Ausbau Ihres Entertainmentangebots.\" \/>\n<meta property=\"og:url\" content=\"https:\/\/b2b.raceroom.com\/de\/kommerzielles-entertainment\/\" \/>\n<meta property=\"og:site_name\" content=\"Raceroom.com B2B\" \/>\n<meta property=\"article:modified_time\" content=\"2026-04-02T11:28:52+00:00\" \/>\n<meta name=\"twitter:card\" content=\"summary_large_image\" \/>\n<meta name=\"twitter:label1\" content=\"Gesch\u00e4tzte Lesezeit\" \/>\n\t<meta name=\"twitter:data1\" content=\"14\u00a0Minuten\" \/>\n<script type=\"application\/ld+json\" class=\"yoast-schema-graph\">{\"@context\":\"https:\/\/schema.org\",\"@graph\":[{\"@type\":\"WebPage\",\"@id\":\"https:\/\/b2b.raceroom.com\/de\/kommerzielles-entertainment\/\",\"url\":\"https:\/\/b2b.raceroom.com\/de\/kommerzielles-entertainment\/\",\"name\":\"Kommerzielles Entertainment - Raceroom.com B2B\",\"isPartOf\":{\"@id\":\"https:\/\/b2b.raceroom.com\/de\/#website\"},\"datePublished\":\"2015-08-14T07:38:32+00:00\",\"dateModified\":\"2026-04-02T11:28:52+00:00\",\"description\":\"Ein einfacher, kostenoptimierter Betrieb, automatische Abl\u00e4ufe und f\u00fcr Gruppen und Zuschauer optimierte Funktionen machen RaceRoom als Publikumsmagnet zum finanziell hoch attraktiven Konzept f\u00fcr den weiteren Ausbau Ihres Entertainmentangebots.\",\"breadcrumb\":{\"@id\":\"https:\/\/b2b.raceroom.com\/de\/kommerzielles-entertainment\/#breadcrumb\"},\"inLanguage\":\"de\",\"potentialAction\":[{\"@type\":\"ReadAction\",\"target\":[\"https:\/\/b2b.raceroom.com\/de\/kommerzielles-entertainment\/\"]}]},{\"@type\":\"BreadcrumbList\",\"@id\":\"https:\/\/b2b.raceroom.com\/de\/kommerzielles-entertainment\/#breadcrumb\",\"itemListElement\":[{\"@type\":\"ListItem\",\"position\":1,\"name\":\"Home\",\"item\":\"https:\/\/b2b.raceroom.com\/de\/\"},{\"@type\":\"ListItem\",\"position\":2,\"name\":\"Kommerzielles Entertainment\"}]},{\"@type\":\"WebSite\",\"@id\":\"https:\/\/b2b.raceroom.com\/de\/#website\",\"url\":\"https:\/\/b2b.raceroom.com\/de\/\",\"name\":\"Raceroom.com B2B\",\"description\":\"\",\"potentialAction\":[{\"@type\":\"SearchAction\",\"target\":{\"@type\":\"EntryPoint\",\"urlTemplate\":\"https:\/\/b2b.raceroom.com\/de\/?s={search_term_string}\"},\"query-input\":{\"@type\":\"PropertyValueSpecification\",\"valueRequired\":true,\"valueName\":\"search_term_string\"}}],\"inLanguage\":\"de\"}]}<\/script>\n<!-- \/ Yoast SEO plugin. -->","yoast_head_json":{"title":"Kommerzielles Entertainment - Raceroom.com B2B","description":"Ein einfacher, kostenoptimierter Betrieb, automatische Abl\u00e4ufe und f\u00fcr Gruppen und Zuschauer optimierte Funktionen machen RaceRoom als Publikumsmagnet zum finanziell hoch attraktiven Konzept f\u00fcr den weiteren Ausbau Ihres Entertainmentangebots.","robots":{"index":"index","follow":"follow","max-snippet":"max-snippet:-1","max-image-preview":"max-image-preview:large","max-video-preview":"max-video-preview:-1"},"canonical":"https:\/\/b2b.raceroom.com\/de\/kommerzielles-entertainment\/","og_locale":"de_DE","og_type":"article","og_title":"Kommerzielles Entertainment - Raceroom.com B2B","og_description":"Ein einfacher, kostenoptimierter Betrieb, automatische Abl\u00e4ufe und f\u00fcr Gruppen und Zuschauer optimierte Funktionen machen RaceRoom als Publikumsmagnet zum finanziell hoch attraktiven Konzept f\u00fcr den weiteren Ausbau Ihres Entertainmentangebots.","og_url":"https:\/\/b2b.raceroom.com\/de\/kommerzielles-entertainment\/","og_site_name":"Raceroom.com B2B","article_modified_time":"2026-04-02T11:28:52+00:00","twitter_card":"summary_large_image","twitter_misc":{"Gesch\u00e4tzte Lesezeit":"14\u00a0Minuten"},"schema":{"@context":"https:\/\/schema.org","@graph":[{"@type":"WebPage","@id":"https:\/\/b2b.raceroom.com\/de\/kommerzielles-entertainment\/","url":"https:\/\/b2b.raceroom.com\/de\/kommerzielles-entertainment\/","name":"Kommerzielles Entertainment - Raceroom.com B2B","isPartOf":{"@id":"https:\/\/b2b.raceroom.com\/de\/#website"},"datePublished":"2015-08-14T07:38:32+00:00","dateModified":"2026-04-02T11:28:52+00:00","description":"Ein einfacher, kostenoptimierter Betrieb, automatische Abl\u00e4ufe und f\u00fcr Gruppen und Zuschauer optimierte Funktionen machen RaceRoom als Publikumsmagnet zum finanziell hoch attraktiven Konzept f\u00fcr den weiteren Ausbau Ihres Entertainmentangebots.","breadcrumb":{"@id":"https:\/\/b2b.raceroom.com\/de\/kommerzielles-entertainment\/#breadcrumb"},"inLanguage":"de","potentialAction":[{"@type":"ReadAction","target":["https:\/\/b2b.raceroom.com\/de\/kommerzielles-entertainment\/"]}]},{"@type":"BreadcrumbList","@id":"https:\/\/b2b.raceroom.com\/de\/kommerzielles-entertainment\/#breadcrumb","itemListElement":[{"@type":"ListItem","position":1,"name":"Home","item":"https:\/\/b2b.raceroom.com\/de\/"},{"@type":"ListItem","position":2,"name":"Kommerzielles Entertainment"}]},{"@type":"WebSite","@id":"https:\/\/b2b.raceroom.com\/de\/#website","url":"https:\/\/b2b.raceroom.com\/de\/","name":"Raceroom.com B2B","description":"","potentialAction":[{"@type":"SearchAction","target":{"@type":"EntryPoint","urlTemplate":"https:\/\/b2b.raceroom.com\/de\/?s={search_term_string}"},"query-input":{"@type":"PropertyValueSpecification","valueRequired":true,"valueName":"search_term_string"}}],"inLanguage":"de"}]}},"_links":{"self":[{"href":"https:\/\/b2b.raceroom.com\/de\/wp-json\/wp\/v2\/pages\/88","targetHints":{"allow":["GET"]}}],"collection":[{"href":"https:\/\/b2b.raceroom.com\/de\/wp-json\/wp\/v2\/pages"}],"about":[{"href":"https:\/\/b2b.raceroom.com\/de\/wp-json\/wp\/v2\/types\/page"}],"author":[{"embeddable":true,"href":"https:\/\/b2b.raceroom.com\/de\/wp-json\/wp\/v2\/users\/2"}],"replies":[{"embeddable":true,"href":"https:\/\/b2b.raceroom.com\/de\/wp-json\/wp\/v2\/comments?post=88"}],"version-history":[{"count":0,"href":"https:\/\/b2b.raceroom.com\/de\/wp-json\/wp\/v2\/pages\/88\/revisions"}],"wp:attachment":[{"href":"https:\/\/b2b.raceroom.com\/de\/wp-json\/wp\/v2\/media?parent=88"}],"curies":[{"name":"wp","href":"https:\/\/api.w.org\/{rel}","templated":true}]}}