{"id":1485,"date":"2017-08-02T14:20:54","date_gmt":"2017-08-02T12:20:54","guid":{"rendered":"http:\/\/b2b.raceroom.com\/?page_id=1485\/"},"modified":"2017-11-17T17:05:06","modified_gmt":"2017-11-17T16:05:06","slug":"home-entertainment","status":"publish","type":"page","link":"https:\/\/b2b.raceroom.com\/de\/home-entertainment\/","title":{"rendered":"Home Entertainment Vertrieb"},"content":{"rendered":"<div class=\"wpb-content-wrapper\"><p>[vc_row][vc_column][vc_empty_space][\/vc_column][\/vc_row][vc_row][vc_column width=&#8220;5\/12&#8243; css=&#8220;.vc_custom_1501671785454{border-radius: 1px !important;}&#8220;][vc_column_text]<\/p>\n<h2>Home Entertainment<\/h2>\n<h4>Modulare Simulatoren und Game Seats f\u00fcr jeden Anspruch<\/h4>\n<p>[\/vc_column_text][vc_column_text]Willkommen bei Ihrem Hersteller f\u00fcr Produkte rund um ein virtuelles Rennsport Erlebnis!<\/p>\n<p>&nbsp;<\/p>\n<p>Diese Seite ist exklusiv f\u00fcr gewerbliche Kunden. Wir suchen RaceRoom Handels-Partner, Gro\u00dfh\u00e4ndler und ggf. L\u00e4ndervertretungen f\u00fcr unser Produktportfolio.<\/p>\n<p>&nbsp;<\/p>\n<p>In Zusammenarbeit mit Spezialisten aus dem realen Motorsport designt und entwickelt: Bei uns finden Sie alle Produkte, dass Rennspiele erst wirklich Spa\u00df machen. Von Gamepads mit Mini-Lenkrad, \u00fcber Game Seats f\u00fcr PC und Konsolen Gamer, bis hin zu voll ausgestatteten Plug&amp;Play Simulatoren.<\/p>\n<p>&nbsp;<\/p>\n<p>Unsere Hardware Produkte sind modular aufgebaut und passen sich den Kundenanforderungen und Budget-Vorstellungen an und sind jederzeit auf-und umr\u00fcstbar.<\/p>\n<p>&nbsp;<\/p>\n<p>Bei uns bekommen Sie alles aus einer Hand. Unsere Fertigungsst\u00e4tte f\u00fcr unsere Hardware sitzt in Deutschland.<\/p>\n<p>&nbsp;<\/p>\n<p><strong>Ihre Vorteile als Wiederverk\u00e4ufer auf einen Blick:<\/strong><\/p>\n<ul>\n<li>gute H\u00e4ndlerkonditionen<\/li>\n<li>einfache und schnelle Bestellung<\/li>\n<li>ab 100\u20ac netto versandkostenfrei innerhalb Deutschlands<\/li>\n<li>Versand i.d.R. innerhalb 24 Stunden<\/li>\n<li>Unterst\u00fctzung durch Produktpromotion und gratis Werbematerial<\/li>\n<li>kostenlose Eintragung als offizielle Verkaufsstelle mit Link zu Ihrer Website\/Shop<\/li>\n<li>Fachberatung &amp; Komplettservice<\/li>\n<li>Direktlieferung ab Werk, Drop Lieferungen, 2 Jahre Garantie<\/li>\n<\/ul>\n<p>[\/vc_column_text][\/vc_column][vc_column width=&#8220;1\/12&#8243;][vc_empty_space][\/vc_column][vc_column width=&#8220;5\/12&#8243;][vc_empty_space height=&#8220;20px&#8220;][vc_video link=&#8220;https:\/\/youtu.be\/mRJwbjyHgQc&#8220;][vc_empty_space][vc_column_text]<\/p>\n<blockquote><p><strong>&#8222;Mit den hochwertigen RaceRoom Gaming-Produkten bieten wir unseren technikbegeisterten Kunden ein ganz besonderes Erlebnis. Zusammen mit den neuesten Spielekonsolen, hochaufl\u00f6senden Fernsehern und dem passenden Soundsystem sorgen die RaceRoom-Rennsitze f\u00fcr ein so realistisches Motorsport-Feeling, wie man es zu Hause nicht mehr besser erleben kann. Deswegen setzen wir bei comtech auch weiterhin auf die gute Zusammenarbeit mit RaceRoom!&#8220;<\/strong><\/p><\/blockquote>\n<p>Jochen Stoephasius, Head of Marketing \/ Comtech GmbH[\/vc_column_text][\/vc_column][\/vc_row][vc_row][vc_column][vc_column_text]<\/p>\n<h3 style=\"text-align: center;\"><a href=\"https:\/\/www.raceroomstore.com\/\">Werfen Sie einen Blick auf unsere Produkte in unserem Shop!<\/a><\/h3>\n<p>[\/vc_column_text][\/vc_column][\/vc_row][vc_row][vc_column][vc_column_text]Sie sind H\u00e4ndler \/ Wiederverk\u00e4ufer und sehen das Potential der RaceRoom Produkte, m\u00f6chten von einer dynamischen Marke profitieren und Ihre Kunden mit durchdachten Produkten begeistern?<\/p>\n<p>&nbsp;<\/p>\n<p>Dann m\u00f6chten wir Sie kennenlernen! Nehmen Sie doch ganz unverbindlich Kontakt mit uns auf.<\/p>\n<p>&nbsp;<\/p>\n<p><strong>Sie erreichen uns w\u00e4hrend der Gesch\u00e4fts\u00f6ffnungszeiten unter 07971 9630 180 oder per Mail an <a href=\"mailto:sales@raceroom.com\">sales@raceroom.com<\/a>. Wir freuen uns auf Sie!<\/strong>[\/vc_column_text][\/vc_column][\/vc_row][vc_row][vc_column][vc_accordion active_tab=&#8220;false&#8220; collapsible=&#8220;yes&#8220;][vc_accordion_tab title=&#8220;H\u00e4ndler Registrierung&#8220;][vc_column_text]Voraussetzung f\u00fcr eine Anmeldung als Wiederverk\u00e4ufer ist eine Registrierung als Gesch\u00e4ftskunde. Senden Sie uns bitte Ihre Gewerbeanmeldung per eMail an <a href=\"mailto:sales@raceroom.com\">sales@raceroom.com<\/a> oder auf postalischem Weg an unsere Gesch\u00e4ftsadresse im Footer.<\/p>\n<p>&nbsp;<\/p>\n<p>Nach erfolgreicher Registrierung schalten wir Sie als Wiederverk\u00e4ufer frei und \u00fcbersenden Ihnen unsere aktuelle Preisliste.[\/vc_column_text][\/vc_accordion_tab][\/vc_accordion][\/vc_column][\/vc_row]<\/p>\n<\/div>","protected":false},"excerpt":{"rendered":"<p>[vc_row][vc_column][vc_empty_space][\/vc_column][\/vc_row][vc_row][vc_column width=&#8220;5\/12&#8243; css=&#8220;.vc_custom_1501671785454{border-radius: 1px !important;}&#8220;][vc_column_text] Home Entertainment Modulare Simulatoren und Game Seats f\u00fcr jeden Anspruch [\/vc_column_text][vc_column_text]Willkommen bei Ihrem Hersteller f\u00fcr Produkte rund um ein virtuelles Rennsport Erlebnis! &nbsp; Diese Seite ist exklusiv f\u00fcr gewerbliche Kunden. Wir suchen RaceRoom Handels-Partner, Gro\u00dfh\u00e4ndler und ggf. L\u00e4ndervertretungen f\u00fcr unser Produktportfolio. &nbsp; In Zusammenarbeit mit Spezialisten aus dem realen Motorsport [&hellip;]<\/p>\n","protected":false},"author":2,"featured_media":0,"parent":0,"menu_order":0,"comment_status":"open","ping_status":"open","template":"","meta":{"_acf_changed":false,"footnotes":""},"class_list":["post-1485","page","type-page","status-publish","hentry"],"acf":[],"yoast_head":"<!-- This site is optimized with the Yoast SEO plugin v25.2 - https:\/\/yoast.com\/wordpress\/plugins\/seo\/ -->\n<title>Home Entertainment Vertrieb - Raceroom.com B2B<\/title>\n<meta name=\"robots\" content=\"index, follow, max-snippet:-1, max-image-preview:large, max-video-preview:-1\" \/>\n<link rel=\"canonical\" href=\"https:\/\/b2b.raceroom.com\/de\/home-entertainment\/\" \/>\n<meta property=\"og:locale\" content=\"de_DE\" \/>\n<meta property=\"og:type\" content=\"article\" \/>\n<meta property=\"og:title\" content=\"Home Entertainment Vertrieb - Raceroom.com B2B\" \/>\n<meta property=\"og:description\" content=\"[vc_row][vc_column][vc_empty_space][\/vc_column][\/vc_row][vc_row][vc_column width=&#8220;5\/12&#8243; css=&#8220;.vc_custom_1501671785454{border-radius: 1px !important;}&#8220;][vc_column_text] Home Entertainment Modulare Simulatoren und Game Seats f\u00fcr jeden Anspruch [\/vc_column_text][vc_column_text]Willkommen bei Ihrem Hersteller f\u00fcr Produkte rund um ein virtuelles Rennsport Erlebnis! &nbsp; Diese Seite ist exklusiv f\u00fcr gewerbliche Kunden. Wir suchen RaceRoom Handels-Partner, Gro\u00dfh\u00e4ndler und ggf. L\u00e4ndervertretungen f\u00fcr unser Produktportfolio. &nbsp; In Zusammenarbeit mit Spezialisten aus dem realen Motorsport [&hellip;]\" \/>\n<meta property=\"og:url\" content=\"https:\/\/b2b.raceroom.com\/de\/home-entertainment\/\" \/>\n<meta property=\"og:site_name\" content=\"Raceroom.com B2B\" \/>\n<meta property=\"article:modified_time\" content=\"2017-11-17T16:05:06+00:00\" \/>\n<meta name=\"twitter:card\" content=\"summary_large_image\" \/>\n<meta name=\"twitter:label1\" content=\"Gesch\u00e4tzte Lesezeit\" \/>\n\t<meta name=\"twitter:data1\" content=\"3\u00a0Minuten\" \/>\n<script type=\"application\/ld+json\" class=\"yoast-schema-graph\">{\"@context\":\"https:\/\/schema.org\",\"@graph\":[{\"@type\":\"WebPage\",\"@id\":\"https:\/\/b2b.raceroom.com\/de\/home-entertainment\/\",\"url\":\"https:\/\/b2b.raceroom.com\/de\/home-entertainment\/\",\"name\":\"Home Entertainment Vertrieb - Raceroom.com B2B\",\"isPartOf\":{\"@id\":\"https:\/\/b2b.raceroom.com\/de\/#website\"},\"datePublished\":\"2017-08-02T12:20:54+00:00\",\"dateModified\":\"2017-11-17T16:05:06+00:00\",\"breadcrumb\":{\"@id\":\"https:\/\/b2b.raceroom.com\/de\/home-entertainment\/#breadcrumb\"},\"inLanguage\":\"de\",\"potentialAction\":[{\"@type\":\"ReadAction\",\"target\":[\"https:\/\/b2b.raceroom.com\/de\/home-entertainment\/\"]}]},{\"@type\":\"BreadcrumbList\",\"@id\":\"https:\/\/b2b.raceroom.com\/de\/home-entertainment\/#breadcrumb\",\"itemListElement\":[{\"@type\":\"ListItem\",\"position\":1,\"name\":\"Home\",\"item\":\"https:\/\/b2b.raceroom.com\/de\/\"},{\"@type\":\"ListItem\",\"position\":2,\"name\":\"Home Entertainment Vertrieb\"}]},{\"@type\":\"WebSite\",\"@id\":\"https:\/\/b2b.raceroom.com\/de\/#website\",\"url\":\"https:\/\/b2b.raceroom.com\/de\/\",\"name\":\"Raceroom.com B2B\",\"description\":\"\",\"potentialAction\":[{\"@type\":\"SearchAction\",\"target\":{\"@type\":\"EntryPoint\",\"urlTemplate\":\"https:\/\/b2b.raceroom.com\/de\/?s={search_term_string}\"},\"query-input\":{\"@type\":\"PropertyValueSpecification\",\"valueRequired\":true,\"valueName\":\"search_term_string\"}}],\"inLanguage\":\"de\"}]}<\/script>\n<!-- \/ Yoast SEO plugin. -->","yoast_head_json":{"title":"Home Entertainment Vertrieb - Raceroom.com B2B","robots":{"index":"index","follow":"follow","max-snippet":"max-snippet:-1","max-image-preview":"max-image-preview:large","max-video-preview":"max-video-preview:-1"},"canonical":"https:\/\/b2b.raceroom.com\/de\/home-entertainment\/","og_locale":"de_DE","og_type":"article","og_title":"Home Entertainment Vertrieb - Raceroom.com B2B","og_description":"[vc_row][vc_column][vc_empty_space][\/vc_column][\/vc_row][vc_row][vc_column width=&#8220;5\/12&#8243; css=&#8220;.vc_custom_1501671785454{border-radius: 1px !important;}&#8220;][vc_column_text] Home Entertainment Modulare Simulatoren und Game Seats f\u00fcr jeden Anspruch [\/vc_column_text][vc_column_text]Willkommen bei Ihrem Hersteller f\u00fcr Produkte rund um ein virtuelles Rennsport Erlebnis! &nbsp; Diese Seite ist exklusiv f\u00fcr gewerbliche Kunden. Wir suchen RaceRoom Handels-Partner, Gro\u00dfh\u00e4ndler und ggf. L\u00e4ndervertretungen f\u00fcr unser Produktportfolio. &nbsp; In Zusammenarbeit mit Spezialisten aus dem realen Motorsport [&hellip;]","og_url":"https:\/\/b2b.raceroom.com\/de\/home-entertainment\/","og_site_name":"Raceroom.com B2B","article_modified_time":"2017-11-17T16:05:06+00:00","twitter_card":"summary_large_image","twitter_misc":{"Gesch\u00e4tzte Lesezeit":"3\u00a0Minuten"},"schema":{"@context":"https:\/\/schema.org","@graph":[{"@type":"WebPage","@id":"https:\/\/b2b.raceroom.com\/de\/home-entertainment\/","url":"https:\/\/b2b.raceroom.com\/de\/home-entertainment\/","name":"Home Entertainment Vertrieb - Raceroom.com B2B","isPartOf":{"@id":"https:\/\/b2b.raceroom.com\/de\/#website"},"datePublished":"2017-08-02T12:20:54+00:00","dateModified":"2017-11-17T16:05:06+00:00","breadcrumb":{"@id":"https:\/\/b2b.raceroom.com\/de\/home-entertainment\/#breadcrumb"},"inLanguage":"de","potentialAction":[{"@type":"ReadAction","target":["https:\/\/b2b.raceroom.com\/de\/home-entertainment\/"]}]},{"@type":"BreadcrumbList","@id":"https:\/\/b2b.raceroom.com\/de\/home-entertainment\/#breadcrumb","itemListElement":[{"@type":"ListItem","position":1,"name":"Home","item":"https:\/\/b2b.raceroom.com\/de\/"},{"@type":"ListItem","position":2,"name":"Home Entertainment Vertrieb"}]},{"@type":"WebSite","@id":"https:\/\/b2b.raceroom.com\/de\/#website","url":"https:\/\/b2b.raceroom.com\/de\/","name":"Raceroom.com B2B","description":"","potentialAction":[{"@type":"SearchAction","target":{"@type":"EntryPoint","urlTemplate":"https:\/\/b2b.raceroom.com\/de\/?s={search_term_string}"},"query-input":{"@type":"PropertyValueSpecification","valueRequired":true,"valueName":"search_term_string"}}],"inLanguage":"de"}]}},"_links":{"self":[{"href":"https:\/\/b2b.raceroom.com\/de\/wp-json\/wp\/v2\/pages\/1485","targetHints":{"allow":["GET"]}}],"collection":[{"href":"https:\/\/b2b.raceroom.com\/de\/wp-json\/wp\/v2\/pages"}],"about":[{"href":"https:\/\/b2b.raceroom.com\/de\/wp-json\/wp\/v2\/types\/page"}],"author":[{"embeddable":true,"href":"https:\/\/b2b.raceroom.com\/de\/wp-json\/wp\/v2\/users\/2"}],"replies":[{"embeddable":true,"href":"https:\/\/b2b.raceroom.com\/de\/wp-json\/wp\/v2\/comments?post=1485"}],"version-history":[{"count":0,"href":"https:\/\/b2b.raceroom.com\/de\/wp-json\/wp\/v2\/pages\/1485\/revisions"}],"wp:attachment":[{"href":"https:\/\/b2b.raceroom.com\/de\/wp-json\/wp\/v2\/media?parent=1485"}],"curies":[{"name":"wp","href":"https:\/\/api.w.org\/{rel}","templated":true}]}}