{"id":1352,"date":"2016-03-16T16:22:32","date_gmt":"2016-03-16T15:22:32","guid":{"rendered":"http:\/\/b2b.raceroom.com\/de\/?page_id=1352"},"modified":"2016-04-29T14:40:10","modified_gmt":"2016-04-29T12:40:10","slug":"test-startseite","status":"publish","type":"page","link":"https:\/\/b2b.raceroom.com\/de\/test-startseite\/","title":{"rendered":"test -Startseite"},"content":{"rendered":"<div class=\"wpb-content-wrapper\"><p>[vc_row type=&#8220;in_container_full_width_background&#8220; custom_color_bg=&#8220;0,0,0,1&#8243; css=&#8220;.vc_custom_1457609036899{margin-top: 20px !important;margin-bottom: 20px !important;}&#8220;][vc_column][vc_column_text]<\/p>\n<h2 style=\"text-align: center;\"><span style=\"color: #ffffff;\">RaceRoom Business &#8211; It\u00b4s more than a game!<\/span><\/h2>\n<p>[\/vc_column_text][\/vc_column][\/vc_row][vc_row css=&#8220;.vc_custom_1429284751606{padding-top: 20px !important;padding-right: 20px !important;padding-bottom: 20px !important;padding-left: 20px !important;}&#8220;][vc_column][vc_empty_space][\/vc_column][\/vc_row][vc_row][vc_column width=&#8220;1\/3&#8243;][\/vc_column][vc_column width=&#8220;1\/3&#8243;][vc_column_text]<\/p>\n<h2>Erlebnis<\/h2>\n<p style=\"text-align: justify;\"><strong>Die Faszination Motorsport erleben \u2013 an jedem Ort, weltweit!<\/strong><\/p>\n<p>&nbsp;<\/p>\n<p style=\"text-align: justify;\">RaceRoom l\u00e4sst Sie virtuell erfahren, was sonst nur echte Rennfahrer f\u00fchlen k\u00f6nnen. Ob Online am PC oder auf einer Veranstaltung, wir bringen das einzigartige Erlebnis des Motorsports in Perfektion an den Ort Ihrer Wahl.<\/p>\n<p>[\/vc_column_text][\/vc_column][vc_column width=&#8220;1\/3&#8243;][\/vc_column][\/vc_row][vc_row][vc_column width=&#8220;1\/3&#8243;][vc_empty_space height=&#8220;65px&#8220;][vc_column_text]<\/p>\n<h2 style=\"text-align: left;\"><strong>Konzepte<\/strong><\/h2>\n<p style=\"text-align: justify;\"><strong>Simulationssysteme, Veranstaltungssoftware uvm. f\u00fcr den mobilen und station\u00e4ren Einsatz in Ihrem Business<\/strong><\/p>\n<p>&nbsp;<\/p>\n<p style=\"text-align: justify;\">RaceRoom bietet Ihnen hochwertige Simulationskonzepte und einmalige Eventsoftwarel\u00f6sungen f\u00fcr virtuellen Rennsport. Alle Komponenten werden hausintern nach einem ganzheitlichen Prinzip entwickelt und sind darauf ausgelegt zusammenzuspielen.<\/p>\n<p>[\/vc_column_text][\/vc_column][vc_column width=&#8220;1\/3&#8243;][vc_single_image image=&#8220;1362&#8243; img_size=&#8220;large&#8220; css=&#8220;.vc_custom_1458200468457{padding-top: -10px !important;padding-right: 40px !important;padding-bottom: -10px !important;padding-left: 40px !important;}&#8220;][vc_icon type=&#8220;typicons&#8220; icon_typicons=&#8220;typcn typcn-arrow-sorted-down&#8220; color=&#8220;black&#8220; size=&#8220;xl&#8220; align=&#8220;center&#8220; css=&#8220;.vc_custom_1458200882083{padding-top: -10px !important;padding-bottom: -10px !important;}&#8220;][vc_column_text css=&#8220;.vc_custom_1458201113467{padding-top: 5px !important;padding-bottom: 20px !important;background-color: #000000 !important;}&#8220;]<\/p>\n<h2 style=\"text-align: center;\"><span style=\"color: #ffffff;\">Erlebnismarketing<\/span><\/h2>\n<p>[\/vc_column_text][\/vc_column][vc_column width=&#8220;1\/3&#8243;][vc_empty_space height=&#8220;65px&#8220;][vc_column_text]<\/p>\n<h2 style=\"text-align: left;\"><strong>Produkte<\/strong><\/h2>\n<p style=\"text-align: justify;\"><strong>Modulare Game Seats \u2013 Simulatoren \u2013 Spiele \u2013 Controller \u2013 Merchandise \u2013 RaceRoom M\u00f6bel<\/strong><\/p>\n<p>&nbsp;<\/p>\n<p>RaceRoom ist Ihr Spezialist f\u00fcr Produkte rund um ein virtuelles Rennsporterlebnis. Unsere Fertigungsst\u00e4tten f\u00fcr unsere Hardware- und Software liegen in Deutschland und Schweden. Alle Produkte werden in enger Zusammenarbeit mit Spezialisten aus dem realen Motorsport designt und entwickelt.[\/vc_column_text][\/vc_column][\/vc_row][vc_row css=&#8220;.vc_custom_1429284751606{padding-top: 20px !important;padding-right: 20px !important;padding-bottom: 20px !important;padding-left: 20px !important;}&#8220;][vc_column][vc_empty_space][\/vc_column][\/vc_row][vc_row full_width=&#8220;stretch_row&#8220; parallax=&#8220;parallax&#8220; type=&#8220;in_container_full_width_background&#8220; custom_bg=&#8220;1196&#8243; custom_bg_size=&#8220;cover&#8220; custom_color_bg=&#8220;0,0,0,0.4&#8243;][vc_column][vc_empty_space height=&#8220;250px&#8220;][\/vc_column][\/vc_row][vc_row css=&#8220;.vc_custom_1429284751606{padding-top: 20px !important;padding-right: 20px !important;padding-bottom: 20px !important;padding-left: 20px !important;}&#8220;][vc_column][vc_empty_space][\/vc_column][\/vc_row][vc_row][vc_column width=&#8220;3\/4&#8243;][vc_column_text]<\/p>\n<h2 style=\"text-align: left;\"><strong>Events<\/strong><\/h2>\n<h4>Erleben Sie die Faszination Motorsport auf Ihrem Event<\/h4>\n<p>[\/vc_column_text][vc_images_carousel images=&#8220;21,22,32,34,24,31,25,26,27,28,29&#8243; slides_per_view=&#8220;2&#8243; hide_pagination_control=&#8220;yes&#8220;][\/vc_column][vc_column width=&#8220;1\/4&#8243;][vc_empty_space][vc_empty_space][vc_empty_space][vc_single_image image=&#8220;1357&#8243; img_size=&#8220;medium&#8220; alignment=&#8220;center&#8220; css=&#8220;.vc_custom_1458223061407{padding-top: 25px !important;padding-right: 60px !important;padding-bottom: 20px !important;padding-left: 40px !important;}&#8220;][\/vc_column][\/vc_row][vc_row][vc_column width=&#8220;3\/4&#8243;][vc_column_text]<\/p>\n<h2 style=\"text-align: left;\"><strong>Simulationskonzepte<\/strong><\/h2>\n<h4>Rennsportsimulatoren und Systeme f\u00fcr ein unvergessliches Motorsporterlebnis<\/h4>\n<p>[\/vc_column_text][vc_images_carousel images=&#8220;60,57,58,64,59,61,62,63&#8243; slides_per_view=&#8220;2&#8243; hide_pagination_control=&#8220;yes&#8220;][\/vc_column][vc_column width=&#8220;1\/4&#8243;][vc_empty_space][vc_empty_space][vc_empty_space][vc_single_image image=&#8220;1358&#8243; img_size=&#8220;medium&#8220; alignment=&#8220;center&#8220; css=&#8220;.vc_custom_1458223172228{padding-top: 25px !important;padding-right: 60px !important;padding-bottom: 20px !important;padding-left: 40px !important;}&#8220;][\/vc_column][\/vc_row][vc_row][vc_column width=&#8220;3\/4&#8243;][vc_column_text]<\/p>\n<h2 style=\"text-align: left;\"><strong>Produkte<\/strong><\/h2>\n<h4 style=\"text-align: left;\">Einsteiger- und Profiprodukte von und f\u00fcr Motorsportbegeisterte<\/h4>\n<p>[\/vc_column_text][vc_images_carousel images=&#8220;73,74,75,76,77,78,79&#8243; slides_per_view=&#8220;2&#8243; hide_pagination_control=&#8220;yes&#8220;][\/vc_column][vc_column width=&#8220;1\/4&#8243;][vc_empty_space][vc_empty_space][vc_empty_space][vc_single_image image=&#8220;1359&#8243; img_size=&#8220;medium&#8220; alignment=&#8220;center&#8220; css=&#8220;.vc_custom_1458223237494{padding-top: 25px !important;padding-right: 60px !important;padding-bottom: 20px !important;padding-left: 40px !important;}&#8220;][\/vc_column][\/vc_row][vc_row][vc_column width=&#8220;3\/4&#8243; css=&#8220;.vc_custom_1458223448880{padding-top: -80px !important;}&#8220;][vc_column_text]<\/p>\n<h2 style=\"text-align: left;\"><strong>Erlebnismarketing<\/strong><\/h2>\n<h4 style=\"text-align: left;\">Vom einem eigenen Rennspiel bis hin zur Marketingkampagne<\/h4>\n<p>[\/vc_column_text][vc_images_carousel images=&#8220;54,68,52,70,51,55,69,71,50&#8243; slides_per_view=&#8220;2&#8243; hide_pagination_control=&#8220;yes&#8220;][\/vc_column][vc_column width=&#8220;1\/4&#8243;][vc_icon type=&#8220;typicons&#8220; icon_typicons=&#8220;typcn typcn-arrow-sorted-down&#8220; color=&#8220;black&#8220; size=&#8220;xl&#8220; align=&#8220;center&#8220; css=&#8220;.vc_custom_1458223520302{padding-top: -40px !important;padding-right: 10px !important;padding-bottom: -40px !important;}&#8220;][vc_single_image image=&#8220;1360&#8243; img_size=&#8220;medium&#8220; alignment=&#8220;center&#8220; css=&#8220;.vc_custom_1458223322515{padding-top: 25px !important;padding-right: 60px !important;padding-bottom: 20px !important;padding-left: 40px !important;}&#8220;][\/vc_column][\/vc_row][vc_row css=&#8220;.vc_custom_1429284751606{padding-top: 20px !important;padding-right: 20px !important;padding-bottom: 20px !important;padding-left: 20px !important;}&#8220;][vc_column][vc_empty_space][\/vc_column][\/vc_row][vc_row full_width=&#8220;stretch_row&#8220; parallax=&#8220;parallax&#8220; type=&#8220;in_container_full_width_background&#8220; custom_bg=&#8220;1197&#8243; custom_bg_size=&#8220;cover&#8220; custom_color_bg=&#8220;0,0,0,0.4&#8243;][vc_column][vc_empty_space height=&#8220;250px&#8220;][\/vc_column][\/vc_row][vc_row css=&#8220;.vc_custom_1429284751606{padding-top: 20px !important;padding-right: 20px !important;padding-bottom: 20px !important;padding-left: 20px !important;}&#8220;][vc_column][vc_empty_space][\/vc_column][\/vc_row][vc_row][vc_column][vc_column_text]<\/p>\n<h2>Unsere Vision<\/h2>\n<p>[\/vc_column_text][vc_row_inner][vc_column_inner width=&#8220;1\/6&#8243;][vc_single_image image=&#8220;1364&#8243; img_size=&#8220;medium&#8220;][\/vc_column_inner][vc_column_inner width=&#8220;5\/6&#8243;][vc_column_text]<\/p>\n<h2 style=\"text-align: justify;\"><\/h2>\n<blockquote>\n<p style=\"text-align: justify;\">\u201eWenn du auf die Rennstrecke gehst, kannst du die Geschwindigkeit und Kraft hautnah erleben, aber wenn du selbst auf der Rennstrecke f\u00e4hrst, wird sie zu\u00a0einem Teil von dir.<\/p>\n<p>&nbsp;<\/p>\n<p style=\"text-align: justify;\">RaceRoom ist ein Ort, an dem jeder erfahren kann, wie emotional Rennsport aus der Sicht des Fahrers ist.\u201c<\/p>\n<p>&nbsp;<\/p>\n<p style=\"text-align: justify;\"><strong>Klaus Wohlfarth Founder of KW automotive GmbH \/ CEO of Sector3 Studios AB<\/strong><\/p>\n<\/blockquote>\n<p>[\/vc_column_text][\/vc_column_inner][\/vc_row_inner][\/vc_column][\/vc_row][vc_row][vc_column][vc_separator][\/vc_column][\/vc_row][vc_row][vc_column][vc_column_text]<\/p>\n<h2><strong>Unsere Mission<\/strong><\/h2>\n<p><strong>\u00a0<\/strong><\/p>\n<blockquote>\n<p style=\"text-align: justify;\"><strong>Die Welt des realen Motorsports mit der virtuellen Welt verbinden.<\/strong><\/p>\n<\/blockquote>\n<p>&nbsp;<\/p>\n<p style=\"text-align: justify;\">2009 setzte sich Klaus Wohlfarth, Hauptinvestor und begeisterter Fahrer, hinter das Steuer eines Fahrsimulators. Er erkannte das Potential dieses besonderen virtuellen Sports. Die Idee war geboren, jedem die M\u00f6glichkeit zu geben, virtuell zu erfahren, was echte Rennfahrer f\u00fchlen.\u00a0Um dieses Ziel zu erreichen, arbeiten die besten Rennspielentwickler Seite an Seite mit den besten Entwicklern der Rennsportszene \u2013 dieses einzigartige Team von Experten k\u00fcmmert sich unabl\u00e4ssig um die beste virtuelle Rennsporterfahrung.<\/p>\n<p>&nbsp;<\/p>\n<p style=\"text-align: justify;\">In unserer Software setzen wir Inhalte unserer Rennserienpartner realit\u00e4tsnah um und simulieren mit den h\u00f6chsten Anspr\u00fcchen das Fahrverhalten und den Sound der Rennfahrzeuge, um Spielern dasselbe Feedback zu vermitteln wie einem echten Rennfahrer.<\/p>\n<p>&nbsp;<\/p>\n<p style=\"text-align: justify;\">Wie weit die Integration des RaceRoom Erlebnisses, unserer Simulationskonzepte, Produkte und Marketingl\u00f6sungen in Ihr Gesch\u00e4ftsmodell auch geht, es ist immer eine L\u00f6sung\u00a0aus einer Hand. Alle Komponenten sind daf\u00fcr entwickelt, zusammenzuspielen.<\/p>\n<p>&nbsp;<\/p>\n<blockquote>\n<p style=\"text-align: justify;\"><strong>RaceRoom ist ein ganzheitliches \u00a0Konzept, das die weltweit vollst\u00e4ndigste Umsetzung von virtuellem Motorsport bietet.\u00a0Unsere Verpflichtung liegt in der Vermittlung von Fahrfreude und Wettbewerb. Spielerisch einfach und ohne technische Einschr\u00e4nkungen.<\/strong><\/p>\n<\/blockquote>\n<p>[\/vc_column_text][\/vc_column][\/vc_row][vc_row][vc_column][vc_separator][\/vc_column][\/vc_row][vc_row][vc_column width=&#8220;2\/3&#8243; css=&#8220;.vc_custom_1458221449939{padding-right: 40px !important;}&#8220;][vc_column_text]<\/p>\n<h2><strong>Wer wir sind<\/strong><\/h2>\n<p>[\/vc_column_text][\/vc_column][vc_column width=&#8220;1\/3&#8243;][\/vc_column][\/vc_row][vc_row][vc_column width=&#8220;1\/4&#8243; css=&#8220;.vc_custom_1458221449939{padding-right: 40px !important;}&#8220;][vc_single_image image=&#8220;1368&#8243; img_size=&#8220;medium&#8220; css=&#8220;.vc_custom_1458221728794{padding-top: 40px !important;padding-right: 40px !important;padding-bottom: 40px !important;padding-left: 40px !important;}&#8220;][\/vc_column][vc_column width=&#8220;3\/4&#8243;][vc_column_text]<\/p>\n<h4><strong>KW automotive GmbH<\/strong><\/h4>\n<p style=\"text-align: justify;\">Die Firma mit Sitz in Fichtenberg, Deutschland, ist einer der weltweit erfolgreichsten Sportfahrwerkshersteller. KW bietet seinen Kunden das gr\u00f6\u00dfte Programm an Gewindefahrwerken. Simulation auf dem h\u00f6chsten Niveau ist eine der S\u00e4ulen des starken Entwicklungsbereichs von KW. Daher ist die Unternehmung ein einzigartiger Mittler f\u00fcr RaceRoom zwischen der realen und virtuellen Welt des Rennsports und verantwortlich f\u00fcr die Entwicklung und Herstellung der RaceRoom Hardwaresysteme.\u00a0N\u00e4here Infos finden Sie auf:\u00a0<a href=\"http:\/\/www.kwsuspensions.de\/home\/\">www.kwsuspensions.de<\/a><\/p>\n<p>[\/vc_column_text][\/vc_column][\/vc_row][vc_row][vc_column width=&#8220;1\/4&#8243; css=&#8220;.vc_custom_1458221449939{padding-right: 40px !important;}&#8220;][vc_single_image image=&#8220;1366&#8243; img_size=&#8220;medium&#8220; css=&#8220;.vc_custom_1458221804371{padding-top: 40px !important;padding-right: 40px !important;padding-bottom: 40px !important;padding-left: 40px !important;}&#8220;][\/vc_column][vc_column width=&#8220;3\/4&#8243;][vc_column_text]<\/p>\n<h4><strong>Sector 3\u00a0Studios AB<\/strong><\/h4>\n<p style=\"text-align: justify;\">Die Firma mit Sitz in Lidk\u00f6ping, Schweden, ist ein Spieleentwickler der sich der realistischen Umsetzung popul\u00e4rer Rennserien wie z.B. DTM, ADAC GT Masters und der WTCC widmet und auf Motorsport-Simulationen spezialisiert hat.<\/p>\n<p style=\"text-align: justify;\">Gegr\u00fcndet von erfahrenen Entwicklern der SimBin Studios im Jahr 2014 \u00fcbernahm Sector3 schnell die Verantwortung f\u00fcr die Weiterentwicklung von RaceRoom Racing Experience. Seitdem arbeitet das Studio erfolgreich daran, mit jedem ver\u00f6ffentlichten Update die Erwartungen der Community an den virtuellen Rennsport zu erf\u00fcllen und zu \u00fcbertreffen.<\/p>\n<p style=\"text-align: justify;\">Im Studio und auf den Rennstrecken in der Welt pflegt Sector3 Beziehungen zu zahlreichen Partnern im realen Motorsport, um in der direkten Zusammenarbeit einzigartige M\u00f6glichkeiten f\u00fcr das Rennspielgenre zu schaffen. \u00a0Von Autonarren zu Gelegenheitsspielern, Sector3 macht den Nervenkitzel des Motorsports f\u00fcr jeden Spieler erlebbar.\u00a0N\u00e4here Infos finden Sie auf:\u00a0<a href=\"http:\/\/www.sector3studios.com\/\">www.sector3studios.co<\/a>m<\/p>\n<h2><\/h2>\n<p>[\/vc_column_text][\/vc_column][\/vc_row][vc_row][vc_column width=&#8220;1\/4&#8243; css=&#8220;.vc_custom_1458221449939{padding-right: 40px !important;}&#8220;][vc_single_image image=&#8220;1367&#8243; img_size=&#8220;medium&#8220; css=&#8220;.vc_custom_1458221825618{padding-top: 40px !important;padding-right: 40px !important;padding-bottom: 40px !important;padding-left: 40px !important;}&#8220;][\/vc_column][vc_column width=&#8220;3\/4&#8243;][vc_column_text]<\/p>\n<h4><strong>RaceRoom Entertainment AG<\/strong><\/h4>\n<p style=\"text-align: justify;\">Die Firma mit Sitz in Rotkreuz, Schweiz, ist eine Unterhaltungsfirma mit Fertigungsst\u00e4tten f\u00fcr virtuelle Motorsport Hardware- und Softwareentwicklung in Deutschland und Schweden, die in station\u00e4ren oder mobilen Gesch\u00e4ftsmodellen eingesetzt werden. Zus\u00e4tzlich werden Systeme f\u00fcr den Home Entertainment Markt entwickelt und vermarktet. Die Firma ist der zentrale Herausgeber, Lizenzhalter und Generalunternehmer f\u00fcr RaceRoom.<\/p>\n<p>[\/vc_column_text][\/vc_column][\/vc_row][vc_column][vc_empty_space][\/vc_column]<\/p>\n<\/div>","protected":false},"excerpt":{"rendered":"<p>[vc_row type=&#8220;in_container_full_width_background&#8220; custom_color_bg=&#8220;0,0,0,1&#8243; css=&#8220;.vc_custom_1457609036899{margin-top: 20px !important;margin-bottom: 20px !important;}&#8220;][vc_column][vc_column_text] RaceRoom Business &#8211; It\u00b4s more than a game! [\/vc_column_text][\/vc_column][\/vc_row][vc_row css=&#8220;.vc_custom_1429284751606{padding-top: 20px !important;padding-right: 20px !important;padding-bottom: 20px !important;padding-left: 20px !important;}&#8220;][vc_column][vc_empty_space][\/vc_column][\/vc_row][vc_row][vc_column width=&#8220;1\/3&#8243;][\/vc_column][vc_column width=&#8220;1\/3&#8243;][vc_column_text] Erlebnis Die Faszination Motorsport erleben \u2013 an jedem Ort, weltweit! &nbsp; RaceRoom l\u00e4sst Sie virtuell erfahren, was sonst nur echte Rennfahrer f\u00fchlen k\u00f6nnen. Ob Online am PC [&hellip;]<\/p>\n","protected":false},"author":2,"featured_media":0,"parent":0,"menu_order":0,"comment_status":"closed","ping_status":"closed","template":"","meta":{"_acf_changed":false,"footnotes":""},"class_list":["post-1352","page","type-page","status-publish","hentry"],"acf":[],"yoast_head":"<!-- This site is optimized with the Yoast SEO plugin v25.2 - https:\/\/yoast.com\/wordpress\/plugins\/seo\/ -->\n<title>test -Startseite - Raceroom.com B2B<\/title>\n<meta name=\"robots\" content=\"index, follow, max-snippet:-1, max-image-preview:large, max-video-preview:-1\" \/>\n<link rel=\"canonical\" href=\"https:\/\/b2b.raceroom.com\/de\/test-startseite\/\" \/>\n<meta property=\"og:locale\" content=\"de_DE\" \/>\n<meta property=\"og:type\" content=\"article\" \/>\n<meta property=\"og:title\" content=\"test -Startseite - Raceroom.com B2B\" \/>\n<meta property=\"og:description\" content=\"[vc_row type=&#8220;in_container_full_width_background&#8220; custom_color_bg=&#8220;0,0,0,1&#8243; css=&#8220;.vc_custom_1457609036899{margin-top: 20px !important;margin-bottom: 20px !important;}&#8220;][vc_column][vc_column_text] RaceRoom Business &#8211; It\u00b4s more than a game! [\/vc_column_text][\/vc_column][\/vc_row][vc_row css=&#8220;.vc_custom_1429284751606{padding-top: 20px !important;padding-right: 20px !important;padding-bottom: 20px !important;padding-left: 20px !important;}&#8220;][vc_column][vc_empty_space][\/vc_column][\/vc_row][vc_row][vc_column width=&#8220;1\/3&#8243;][\/vc_column][vc_column width=&#8220;1\/3&#8243;][vc_column_text] Erlebnis Die Faszination Motorsport erleben \u2013 an jedem Ort, weltweit! &nbsp; RaceRoom l\u00e4sst Sie virtuell erfahren, was sonst nur echte Rennfahrer f\u00fchlen k\u00f6nnen. Ob Online am PC [&hellip;]\" \/>\n<meta property=\"og:url\" content=\"https:\/\/b2b.raceroom.com\/de\/test-startseite\/\" \/>\n<meta property=\"og:site_name\" content=\"Raceroom.com B2B\" \/>\n<meta property=\"article:modified_time\" content=\"2016-04-29T12:40:10+00:00\" \/>\n<meta name=\"twitter:card\" content=\"summary_large_image\" \/>\n<meta name=\"twitter:label1\" content=\"Gesch\u00e4tzte Lesezeit\" \/>\n\t<meta name=\"twitter:data1\" content=\"8\u00a0Minuten\" \/>\n<script type=\"application\/ld+json\" class=\"yoast-schema-graph\">{\"@context\":\"https:\/\/schema.org\",\"@graph\":[{\"@type\":\"WebPage\",\"@id\":\"https:\/\/b2b.raceroom.com\/de\/test-startseite\/\",\"url\":\"https:\/\/b2b.raceroom.com\/de\/test-startseite\/\",\"name\":\"test -Startseite - Raceroom.com B2B\",\"isPartOf\":{\"@id\":\"https:\/\/b2b.raceroom.com\/de\/#website\"},\"datePublished\":\"2016-03-16T15:22:32+00:00\",\"dateModified\":\"2016-04-29T12:40:10+00:00\",\"breadcrumb\":{\"@id\":\"https:\/\/b2b.raceroom.com\/de\/test-startseite\/#breadcrumb\"},\"inLanguage\":\"de\",\"potentialAction\":[{\"@type\":\"ReadAction\",\"target\":[\"https:\/\/b2b.raceroom.com\/de\/test-startseite\/\"]}]},{\"@type\":\"BreadcrumbList\",\"@id\":\"https:\/\/b2b.raceroom.com\/de\/test-startseite\/#breadcrumb\",\"itemListElement\":[{\"@type\":\"ListItem\",\"position\":1,\"name\":\"Home\",\"item\":\"https:\/\/b2b.raceroom.com\/de\/\"},{\"@type\":\"ListItem\",\"position\":2,\"name\":\"test -Startseite\"}]},{\"@type\":\"WebSite\",\"@id\":\"https:\/\/b2b.raceroom.com\/de\/#website\",\"url\":\"https:\/\/b2b.raceroom.com\/de\/\",\"name\":\"Raceroom.com B2B\",\"description\":\"\",\"potentialAction\":[{\"@type\":\"SearchAction\",\"target\":{\"@type\":\"EntryPoint\",\"urlTemplate\":\"https:\/\/b2b.raceroom.com\/de\/?s={search_term_string}\"},\"query-input\":{\"@type\":\"PropertyValueSpecification\",\"valueRequired\":true,\"valueName\":\"search_term_string\"}}],\"inLanguage\":\"de\"}]}<\/script>\n<!-- \/ Yoast SEO plugin. -->","yoast_head_json":{"title":"test -Startseite - Raceroom.com B2B","robots":{"index":"index","follow":"follow","max-snippet":"max-snippet:-1","max-image-preview":"max-image-preview:large","max-video-preview":"max-video-preview:-1"},"canonical":"https:\/\/b2b.raceroom.com\/de\/test-startseite\/","og_locale":"de_DE","og_type":"article","og_title":"test -Startseite - Raceroom.com B2B","og_description":"[vc_row type=&#8220;in_container_full_width_background&#8220; custom_color_bg=&#8220;0,0,0,1&#8243; css=&#8220;.vc_custom_1457609036899{margin-top: 20px !important;margin-bottom: 20px !important;}&#8220;][vc_column][vc_column_text] RaceRoom Business &#8211; It\u00b4s more than a game! [\/vc_column_text][\/vc_column][\/vc_row][vc_row css=&#8220;.vc_custom_1429284751606{padding-top: 20px !important;padding-right: 20px !important;padding-bottom: 20px !important;padding-left: 20px !important;}&#8220;][vc_column][vc_empty_space][\/vc_column][\/vc_row][vc_row][vc_column width=&#8220;1\/3&#8243;][\/vc_column][vc_column width=&#8220;1\/3&#8243;][vc_column_text] Erlebnis Die Faszination Motorsport erleben \u2013 an jedem Ort, weltweit! &nbsp; RaceRoom l\u00e4sst Sie virtuell erfahren, was sonst nur echte Rennfahrer f\u00fchlen k\u00f6nnen. Ob Online am PC [&hellip;]","og_url":"https:\/\/b2b.raceroom.com\/de\/test-startseite\/","og_site_name":"Raceroom.com B2B","article_modified_time":"2016-04-29T12:40:10+00:00","twitter_card":"summary_large_image","twitter_misc":{"Gesch\u00e4tzte Lesezeit":"8\u00a0Minuten"},"schema":{"@context":"https:\/\/schema.org","@graph":[{"@type":"WebPage","@id":"https:\/\/b2b.raceroom.com\/de\/test-startseite\/","url":"https:\/\/b2b.raceroom.com\/de\/test-startseite\/","name":"test -Startseite - Raceroom.com B2B","isPartOf":{"@id":"https:\/\/b2b.raceroom.com\/de\/#website"},"datePublished":"2016-03-16T15:22:32+00:00","dateModified":"2016-04-29T12:40:10+00:00","breadcrumb":{"@id":"https:\/\/b2b.raceroom.com\/de\/test-startseite\/#breadcrumb"},"inLanguage":"de","potentialAction":[{"@type":"ReadAction","target":["https:\/\/b2b.raceroom.com\/de\/test-startseite\/"]}]},{"@type":"BreadcrumbList","@id":"https:\/\/b2b.raceroom.com\/de\/test-startseite\/#breadcrumb","itemListElement":[{"@type":"ListItem","position":1,"name":"Home","item":"https:\/\/b2b.raceroom.com\/de\/"},{"@type":"ListItem","position":2,"name":"test -Startseite"}]},{"@type":"WebSite","@id":"https:\/\/b2b.raceroom.com\/de\/#website","url":"https:\/\/b2b.raceroom.com\/de\/","name":"Raceroom.com B2B","description":"","potentialAction":[{"@type":"SearchAction","target":{"@type":"EntryPoint","urlTemplate":"https:\/\/b2b.raceroom.com\/de\/?s={search_term_string}"},"query-input":{"@type":"PropertyValueSpecification","valueRequired":true,"valueName":"search_term_string"}}],"inLanguage":"de"}]}},"_links":{"self":[{"href":"https:\/\/b2b.raceroom.com\/de\/wp-json\/wp\/v2\/pages\/1352","targetHints":{"allow":["GET"]}}],"collection":[{"href":"https:\/\/b2b.raceroom.com\/de\/wp-json\/wp\/v2\/pages"}],"about":[{"href":"https:\/\/b2b.raceroom.com\/de\/wp-json\/wp\/v2\/types\/page"}],"author":[{"embeddable":true,"href":"https:\/\/b2b.raceroom.com\/de\/wp-json\/wp\/v2\/users\/2"}],"replies":[{"embeddable":true,"href":"https:\/\/b2b.raceroom.com\/de\/wp-json\/wp\/v2\/comments?post=1352"}],"version-history":[{"count":0,"href":"https:\/\/b2b.raceroom.com\/de\/wp-json\/wp\/v2\/pages\/1352\/revisions"}],"wp:attachment":[{"href":"https:\/\/b2b.raceroom.com\/de\/wp-json\/wp\/v2\/media?parent=1352"}],"curies":[{"name":"wp","href":"https:\/\/api.w.org\/{rel}","templated":true}]}}