{"id":1207,"date":"2015-08-17T12:43:16","date_gmt":"2015-08-17T10:43:16","guid":{"rendered":"http:\/\/b2b.malta1097.startdedicated.de\/?page_id=1207"},"modified":"2015-08-17T13:11:46","modified_gmt":"2015-08-17T11:11:46","slug":"impressum","status":"publish","type":"page","link":"https:\/\/b2b.raceroom.com\/de\/impressum\/","title":{"rendered":"Impressum"},"content":{"rendered":"<div class=\"wpb-content-wrapper\"><p>[vc_row][vc_column width=&#8220;1\/1&#8243;][vc_column_text]<\/p>\n<h2><strong>Impressum<\/strong><\/h2>\n<p>&nbsp;<\/p>\n<h3>Verantwortlich f\u00fcr den Inhalt dieser Webpage:<\/h3>\n<h3><\/h3>\n<p><strong>RaceRoom Entertainment AG<\/strong><br \/>\nIndustriestra\u00dfe 13<br \/>\nCH \u2013 6343 Rotkreuz<br \/>\nSchweiz<\/p>\n<p>Gesch\u00e4ftsf\u00fchrer: Peter Banz<br \/>\nGerichtsstand: Kanton Zugs CH<br \/>\nRegister-Nummer: 170.3.034.347-0<\/p>\n<p>&nbsp;<\/p>\n<h3>Haftungsausschluss<\/h3>\n<p><strong>Urheber- und Kennzeichenrecht<\/strong><\/p>\n<p>Der Autor ist bestrebt, in allen Publikationen die Urheberrechte der verwendeten Grafiken, Tondokumente, Videosequenzen und Texte zu beachten, von ihm selbst erstellte Grafiken, Tondokumente, Videosequenzen und Texte zu nutzen oder auf lizenzfreie Grafiken, Tondokumente, Videosequenzen und Texte zur\u00fcckzugreifen. Alle innerhalb des Internetangebotes genannten und ggf. durch Dritte gesch\u00fctzten Marken- und Warenzeichen unterliegen uneingeschr\u00e4nkt den Bestimmungen des jeweils g\u00fcltigen Kennzeichenrechts und den Besitzrechten der jeweiligen eingetragenen Eigent\u00fcmer. Allein aufgrund der blo\u00dfen Nennung ist nicht der Schluss zu ziehen, dass Markenzeichen nicht durch Rechte Dritter gesch\u00fctzt sind! Das Copyright f\u00fcr ver\u00f6ffentlichte, vom Autor selbst erstellte Objekte bleibt allein beim Autor der Seiten. Eine Vervielf\u00e4ltigung oder Verwendung solcher Grafiken, Tondokumente, Videosequenzen und Texte in anderen elektronischen oder gedruckten Publikationen ist ohne ausdr\u00fcckliche Zustimmung des Autors nicht gestattet.<\/p>\n<p>&nbsp;<\/p>\n<p><strong>Inhalt des Onlineangebotes<\/strong><\/p>\n<p>Der Autor \u00fcbernimmt keinerlei Gew\u00e4hr f\u00fcr die Aktualit\u00e4t, Korrektheit, Vollst\u00e4ndigkeit oder Qualit\u00e4t der bereitgestellten Informationen. Haftungsanspr\u00fcche gegen den Autor, welche sich auf Sch\u00e4den materieller oder ideeller Art beziehen, die durch die Nutzung oder Nichtnutzung der dargebotenen Informationen bzw. durch die Nutzung fehlerhafter und unvollst\u00e4ndiger Informationen verursacht wurden, sind grunds\u00e4tzlich hausgeschlossen, sofern seitens des Autors kein nachweislich vors\u00e4tzliches oder grob fahrl\u00e4ssiges Verschulden vorliegt. Der Autor beh\u00e4lt es sich ausdr\u00fccklich vor, Teile der Seiten oder das gesamte Angebot ohne gesonderte Ank\u00fcndigung zu ver\u00e4ndern, zu erg\u00e4nzen, zu l\u00f6schen oder die Ver\u00f6ffentlichung zeitweise oder endg\u00fcltig einzustellen.<\/p>\n<p>&nbsp;<\/p>\n<p><strong>Hinweis zum Datenschutz<\/strong><\/p>\n<p>Sofern innerhalb des Internetangebotes die M\u00f6glichkeit zur Eingabe pers\u00f6nlicher oder gesch\u00e4ftlicher Daten (Emailadressen, Namen, Anschriften) besteht, so erfolgt die Preisgabe dieser Daten seitens des Nutzers auf ausdr\u00fccklich freiwilliger Basis. Die Inanspruchnahme und Bezahlung aller angebotenen Dienste ist \u2013 soweit technisch m\u00f6glich und zumutbar \u2013 auch ohne Angabe solcher Daten bzw. unter Angabe anonymisierter Daten oder eines Pseudonyms gestattet. Die Nutzung der im Rahmen des Impressums oder vergleichbarer Angaben ver\u00f6ffentlichten Kontaktdaten wie Postanschriften, Telefon- und Faxnummern sowie Emailadressen durch Dritte zur \u00dcbersendung von nicht ausdr\u00fccklich angeforderten Informationen ist nicht gestattet. Rechtliche Schritte gegen die Versender von sogenannten Spam-Mails bei Verst\u00f6\u00dfen gegen dieses Verbot sind ausdr\u00fccklich vorbehalten.<\/p>\n<p>&nbsp;<\/p>\n<p><strong>Verweise und Links<\/strong><\/p>\n<p>Auf unseren Internet-Seiten finden Sie auch Links zu anderen Seiten im Internet. Wir m\u00f6chten Sie darauf hinweisen, dass wir keinen Einfluss auf die Gestaltung und den Inhalt der Seiten haben, auf die verlinkt wird. Wir k\u00f6nnen daher auch keine Gew\u00e4hr f\u00fcr die Aktualit\u00e4t, Korrektheit, Vollst\u00e4ndigkeit oder Qualit\u00e4t der dort bereitgestellten Informationen \u00fcbernehmen. Vor diesem Hintergrund distanzieren wir uns hiermit von allen Inhalten dieser Seiten. Diese Erkl\u00e4rung gilt f\u00fcr alle auf unseren Internet-Seiten enthaltenen Links zu externen Seiten und deren Inhalte.<\/p>\n<p>&nbsp;<\/p>\n<p><strong>Rechtswirksamkeit dieser rechtlichen Hinweise<\/strong><\/p>\n<p>Diese rechtlichen Hinweise sind als Teil des Internetangebotes zu betrachten, von dem aus auf diese Seite verwiesen wurde. Sofern Teile oder einzelne Formulierungen dieses Textes der geltenden Rechtslage nicht, nicht mehr oder nicht vollst\u00e4ndig entsprechen sollten, bleiben die \u00fcbrigen Teile des Dokumentes in ihrem Inhalt und ihrer G\u00fcltigkeit davon unber\u00fchrt.<\/p>\n<p>&nbsp;<\/p>\n<p><strong>Haftung<\/strong><\/p>\n<p>Die Informationen und Angaben auf diesen Seiten stellen keine Zusicherung oder Garantie dar, sei sie ausdr\u00fccklich oder stillschweigend. Sie stellen insbesondere keine stillschweigende Zusage oder Garantie betreffend der Beschaffenheit, der Handelsf\u00e4higkeit, der Eignung f\u00fcr bestimmte Zwecke oder den Nichtversto\u00df gegen Gesetze und Patente dar.<\/p>\n<p>&nbsp;<\/p>\n<p><strong>RaceRoom Entertainment AG<\/strong><br \/>\nIndustriestra\u00dfe 13<br \/>\nCH \u2013 6343 Rotkreuz<br \/>\nSchweiz<\/p>\n<p>&nbsp;<\/p>\n<p><strong>RaceRoom Entertainment AG. Alle Rechte vorbehalten.<\/strong><\/p>\n<p>[\/vc_column_text][\/vc_column][\/vc_row]<\/p>\n<\/div>","protected":false},"excerpt":{"rendered":"<p>[vc_row][vc_column width=&#8220;1\/1&#8243;][vc_column_text] Impressum &nbsp; Verantwortlich f\u00fcr den Inhalt dieser Webpage: RaceRoom Entertainment AG Industriestra\u00dfe 13 CH \u2013 6343 Rotkreuz Schweiz Gesch\u00e4ftsf\u00fchrer: Peter Banz Gerichtsstand: Kanton Zugs CH Register-Nummer: 170.3.034.347-0 &nbsp; Haftungsausschluss Urheber- und Kennzeichenrecht Der Autor ist bestrebt, in allen Publikationen die Urheberrechte der verwendeten Grafiken, Tondokumente, Videosequenzen und Texte zu beachten, von ihm selbst [&hellip;]<\/p>\n","protected":false},"author":1,"featured_media":0,"parent":0,"menu_order":0,"comment_status":"open","ping_status":"open","template":"","meta":{"_acf_changed":false,"footnotes":""},"class_list":["post-1207","page","type-page","status-publish","hentry"],"acf":[],"yoast_head":"<!-- This site is optimized with the Yoast SEO plugin v25.2 - https:\/\/yoast.com\/wordpress\/plugins\/seo\/ -->\n<title>Impressum - Raceroom.com B2B<\/title>\n<meta name=\"robots\" content=\"index, follow, max-snippet:-1, max-image-preview:large, max-video-preview:-1\" \/>\n<link rel=\"canonical\" href=\"https:\/\/b2b.raceroom.com\/de\/impressum\/\" \/>\n<meta property=\"og:locale\" content=\"de_DE\" \/>\n<meta property=\"og:type\" content=\"article\" \/>\n<meta property=\"og:title\" content=\"Impressum - Raceroom.com B2B\" \/>\n<meta property=\"og:description\" content=\"[vc_row][vc_column width=&#8220;1\/1&#8243;][vc_column_text] Impressum &nbsp; Verantwortlich f\u00fcr den Inhalt dieser Webpage: RaceRoom Entertainment AG Industriestra\u00dfe 13 CH \u2013 6343 Rotkreuz Schweiz Gesch\u00e4ftsf\u00fchrer: Peter Banz Gerichtsstand: Kanton Zugs CH Register-Nummer: 170.3.034.347-0 &nbsp; Haftungsausschluss Urheber- und Kennzeichenrecht Der Autor ist bestrebt, in allen Publikationen die Urheberrechte der verwendeten Grafiken, Tondokumente, Videosequenzen und Texte zu beachten, von ihm selbst [&hellip;]\" \/>\n<meta property=\"og:url\" content=\"https:\/\/b2b.raceroom.com\/de\/impressum\/\" \/>\n<meta property=\"og:site_name\" content=\"Raceroom.com B2B\" \/>\n<meta property=\"article:modified_time\" content=\"2015-08-17T11:11:46+00:00\" \/>\n<meta name=\"twitter:card\" content=\"summary_large_image\" \/>\n<meta name=\"twitter:label1\" content=\"Gesch\u00e4tzte Lesezeit\" \/>\n\t<meta name=\"twitter:data1\" content=\"3\u00a0Minuten\" \/>\n<script type=\"application\/ld+json\" class=\"yoast-schema-graph\">{\"@context\":\"https:\/\/schema.org\",\"@graph\":[{\"@type\":\"WebPage\",\"@id\":\"https:\/\/b2b.raceroom.com\/de\/impressum\/\",\"url\":\"https:\/\/b2b.raceroom.com\/de\/impressum\/\",\"name\":\"Impressum - Raceroom.com B2B\",\"isPartOf\":{\"@id\":\"https:\/\/b2b.raceroom.com\/de\/#website\"},\"datePublished\":\"2015-08-17T10:43:16+00:00\",\"dateModified\":\"2015-08-17T11:11:46+00:00\",\"breadcrumb\":{\"@id\":\"https:\/\/b2b.raceroom.com\/de\/impressum\/#breadcrumb\"},\"inLanguage\":\"de\",\"potentialAction\":[{\"@type\":\"ReadAction\",\"target\":[\"https:\/\/b2b.raceroom.com\/de\/impressum\/\"]}]},{\"@type\":\"BreadcrumbList\",\"@id\":\"https:\/\/b2b.raceroom.com\/de\/impressum\/#breadcrumb\",\"itemListElement\":[{\"@type\":\"ListItem\",\"position\":1,\"name\":\"Home\",\"item\":\"https:\/\/b2b.raceroom.com\/de\/\"},{\"@type\":\"ListItem\",\"position\":2,\"name\":\"Impressum\"}]},{\"@type\":\"WebSite\",\"@id\":\"https:\/\/b2b.raceroom.com\/de\/#website\",\"url\":\"https:\/\/b2b.raceroom.com\/de\/\",\"name\":\"Raceroom.com B2B\",\"description\":\"\",\"potentialAction\":[{\"@type\":\"SearchAction\",\"target\":{\"@type\":\"EntryPoint\",\"urlTemplate\":\"https:\/\/b2b.raceroom.com\/de\/?s={search_term_string}\"},\"query-input\":{\"@type\":\"PropertyValueSpecification\",\"valueRequired\":true,\"valueName\":\"search_term_string\"}}],\"inLanguage\":\"de\"}]}<\/script>\n<!-- \/ Yoast SEO plugin. -->","yoast_head_json":{"title":"Impressum - Raceroom.com B2B","robots":{"index":"index","follow":"follow","max-snippet":"max-snippet:-1","max-image-preview":"max-image-preview:large","max-video-preview":"max-video-preview:-1"},"canonical":"https:\/\/b2b.raceroom.com\/de\/impressum\/","og_locale":"de_DE","og_type":"article","og_title":"Impressum - Raceroom.com B2B","og_description":"[vc_row][vc_column width=&#8220;1\/1&#8243;][vc_column_text] Impressum &nbsp; Verantwortlich f\u00fcr den Inhalt dieser Webpage: RaceRoom Entertainment AG Industriestra\u00dfe 13 CH \u2013 6343 Rotkreuz Schweiz Gesch\u00e4ftsf\u00fchrer: Peter Banz Gerichtsstand: Kanton Zugs CH Register-Nummer: 170.3.034.347-0 &nbsp; Haftungsausschluss Urheber- und Kennzeichenrecht Der Autor ist bestrebt, in allen Publikationen die Urheberrechte der verwendeten Grafiken, Tondokumente, Videosequenzen und Texte zu beachten, von ihm selbst [&hellip;]","og_url":"https:\/\/b2b.raceroom.com\/de\/impressum\/","og_site_name":"Raceroom.com B2B","article_modified_time":"2015-08-17T11:11:46+00:00","twitter_card":"summary_large_image","twitter_misc":{"Gesch\u00e4tzte Lesezeit":"3\u00a0Minuten"},"schema":{"@context":"https:\/\/schema.org","@graph":[{"@type":"WebPage","@id":"https:\/\/b2b.raceroom.com\/de\/impressum\/","url":"https:\/\/b2b.raceroom.com\/de\/impressum\/","name":"Impressum - Raceroom.com B2B","isPartOf":{"@id":"https:\/\/b2b.raceroom.com\/de\/#website"},"datePublished":"2015-08-17T10:43:16+00:00","dateModified":"2015-08-17T11:11:46+00:00","breadcrumb":{"@id":"https:\/\/b2b.raceroom.com\/de\/impressum\/#breadcrumb"},"inLanguage":"de","potentialAction":[{"@type":"ReadAction","target":["https:\/\/b2b.raceroom.com\/de\/impressum\/"]}]},{"@type":"BreadcrumbList","@id":"https:\/\/b2b.raceroom.com\/de\/impressum\/#breadcrumb","itemListElement":[{"@type":"ListItem","position":1,"name":"Home","item":"https:\/\/b2b.raceroom.com\/de\/"},{"@type":"ListItem","position":2,"name":"Impressum"}]},{"@type":"WebSite","@id":"https:\/\/b2b.raceroom.com\/de\/#website","url":"https:\/\/b2b.raceroom.com\/de\/","name":"Raceroom.com B2B","description":"","potentialAction":[{"@type":"SearchAction","target":{"@type":"EntryPoint","urlTemplate":"https:\/\/b2b.raceroom.com\/de\/?s={search_term_string}"},"query-input":{"@type":"PropertyValueSpecification","valueRequired":true,"valueName":"search_term_string"}}],"inLanguage":"de"}]}},"_links":{"self":[{"href":"https:\/\/b2b.raceroom.com\/de\/wp-json\/wp\/v2\/pages\/1207","targetHints":{"allow":["GET"]}}],"collection":[{"href":"https:\/\/b2b.raceroom.com\/de\/wp-json\/wp\/v2\/pages"}],"about":[{"href":"https:\/\/b2b.raceroom.com\/de\/wp-json\/wp\/v2\/types\/page"}],"author":[{"embeddable":true,"href":"https:\/\/b2b.raceroom.com\/de\/wp-json\/wp\/v2\/users\/1"}],"replies":[{"embeddable":true,"href":"https:\/\/b2b.raceroom.com\/de\/wp-json\/wp\/v2\/comments?post=1207"}],"version-history":[{"count":0,"href":"https:\/\/b2b.raceroom.com\/de\/wp-json\/wp\/v2\/pages\/1207\/revisions"}],"wp:attachment":[{"href":"https:\/\/b2b.raceroom.com\/de\/wp-json\/wp\/v2\/media?parent=1207"}],"curies":[{"name":"wp","href":"https:\/\/api.w.org\/{rel}","templated":true}]}}