{"id":11,"date":"2015-08-13T09:33:42","date_gmt":"2015-08-13T07:33:42","guid":{"rendered":"http:\/\/b2b.malta1097.startdedicated.de\/?page_id=11"},"modified":"2023-06-23T13:41:10","modified_gmt":"2023-06-23T11:41:10","slug":"startseite-3","status":"publish","type":"page","link":"https:\/\/b2b.raceroom.com\/de\/","title":{"rendered":"Startseite"},"content":{"rendered":"<div class=\"wpb-content-wrapper\"><p>[vc_row type=&#8220;in_container_full_width_background&#8220; custom_color_bg=&#8220;0,0,0,1&#8243; css=&#8220;.vc_custom_1432510955114{padding-top: 40px !important;padding-right: 20px !important;padding-bottom: 0px !important;padding-left: 20px !important;}&#8220; el_class=&#8220;link_to_download&#8220;][vc_column]<div class=\"rr_title\"><h1>Connecting emotions to your brand in a playful way<\/h1><\/div>[\/vc_column][\/vc_row][vc_row css=&#8220;.vc_custom_1429284751606{padding-top: 20px !important;padding-right: 20px !important;padding-bottom: 20px !important;padding-left: 20px !important;}&#8220;][vc_column][vc_empty_space][\/vc_column][\/vc_row][vc_row][vc_column width=&#8220;1\/2&#8243;][vc_row_inner][vc_column_inner][vc_column_text]<\/p>\n<div class=\"wpb_text_column wpb_content_element \">\n<h2><a href=\"https:\/\/b2b.raceroom.com\/de\/event-loesungen\/\">Eventl\u00f6sungen<\/a><\/h2>\n<h4>Emotionale Rennsport-Erlebnisse als Publikumsmagnet in Ihrer CI<\/h4>\n<\/div>\n<p>[\/vc_column_text][vc_images_carousel images=&#8220;1935,1898,1929,1900,1911,26,29,31,32,21,25&#8243; slides_per_view=&#8220;2&#8243; hide_pagination_control=&#8220;yes&#8220; wrap=&#8220;yes&#8220;][vc_column_text]<\/p>\n<div class=\"wpb_text_column wpb_content_element \">\n<h2><a href=\"https:\/\/b2b.raceroom.com\/de\/erlebnismarketing\/\">Erlebnismarketing<\/a><\/h2>\n<h4><b>Online Marketing Kampagnen, Giveaways bis zum eSport Sponsoring<\/b><\/h4>\n<\/div>\n<p>[\/vc_column_text][vc_images_carousel images=&#8220;1949,1461,68,70,51,71,1462&#8243; slides_per_view=&#8220;2&#8243; hide_pagination_control=&#8220;yes&#8220; wrap=&#8220;yes&#8220;][\/vc_column_inner][\/vc_row_inner][\/vc_column][vc_column width=&#8220;1\/2&#8243;][vc_row_inner][vc_column_inner][vc_column_text]<\/p>\n<div class=\"wpb_text_column wpb_content_element \">\n<h2><a href=\"https:\/\/b2b.raceroom.com\/de\/kommerzielles-entertainment\/\">Kommerzielles Entertainment<\/a><\/h2>\n<h4><b>eRacing als Unterhaltungs-Baustein in Ihrer Location<\/b><\/h4>\n<\/div>\n<p>[\/vc_column_text][vc_images_carousel images=&#8220;60,57,58,59,61,63&#8243; slides_per_view=&#8220;2&#8243; hide_pagination_control=&#8220;yes&#8220; wrap=&#8220;yes&#8220;][vc_column_text]<\/p>\n<div class=\"wpb_text_column wpb_content_element \">\n<h2><a href=\"https:\/\/b2b.raceroom.com\/de\/home-entertainment\/\">Home Entertainment Vertrieb<\/a><\/h2>\n<h4>Modulare Game Seats und Simulatoren f\u00fcr jeden Anspruch<\/h4>\n<\/div>\n<p>[\/vc_column_text][vc_images_carousel images=&#8220;76,74,78,73,77,75&#8243; slides_per_view=&#8220;2&#8243; hide_pagination_control=&#8220;yes&#8220; wrap=&#8220;yes&#8220;][\/vc_column_inner][\/vc_row_inner][\/vc_column][\/vc_row][vc_row css=&#8220;.vc_custom_1429284751606{padding-top: 20px !important;padding-right: 20px !important;padding-bottom: 20px !important;padding-left: 20px !important;}&#8220;][vc_column][vc_empty_space][\/vc_column][\/vc_row][vc_row full_width=&#8220;stretch_row&#8220; parallax=&#8220;parallax&#8220; parallax_image=&#8220;1340&#8243; type=&#8220;in_container_full_width_background&#8220; custom_bg=&#8220;1203&#8243; custom_bg_size=&#8220;cover&#8220; custom_color_bg=&#8220;0,0,0,0.4&#8243;][vc_column][vc_empty_space height=&#8220;250px&#8220;][\/vc_column][\/vc_row][vc_row css=&#8220;.vc_custom_1429284751606{padding-top: 20px !important;padding-right: 20px !important;padding-bottom: 20px !important;padding-left: 20px !important;}&#8220;][vc_column][vc_empty_space][\/vc_column][\/vc_row][vc_row row_id=&#8220;event-konzepte&#8220;][vc_column][vc_row_inner][vc_column_inner][\/vc_column_inner][\/vc_row_inner][vc_row_inner el_class=&#8220;gamefeatures&#8220;][vc_column_inner width=&#8220;1\/2&#8243;][vc_column_text]<\/p>\n<h2><b>RaceRoom &#8211;<\/b> <b>More than a Game<\/b><\/h2>\n<p>[\/vc_column_text][vc_column_text]F\u00fcr Motorsportbegeisterte steht RaceRoom auf den ersten Blick f\u00fcr eine Online Rennsimulation, die f\u00fcr Ihren Realismus, detailgetreue Fahrphysik und den originalgetreuen Sound weltweit gesch\u00e4tzt wird.<\/p>\n<p>&nbsp;<\/p>\n<p>RaceRoom Racing Experience wurde urspr\u00fcnglich nach der Vision geschaffen, die Faszination und Emotion des Motorsports jedermann zug\u00e4nglich zu machen und Enthusiasten weltweit die M\u00f6glichkeit zu geben, selbst virtuell zu erfahren, was echte Rennfahrer f\u00fchlen und an der Herausforderung des direkten Wettbewerbs kontinuierlich zu wachsen.<\/p>\n<p>&nbsp;<\/p>\n<p>Unsere Mission ist es, die Grenzen zwischen realen und virtuellen Motorsport zu verwischen und liegt \u00fcber den reinen Fahrspa\u00df hinaus in der F\u00f6rderung von fairem Wettbewerbsgeist und Streben nach Perfektion auf der Rennstrecke durch Konzentration, Koordination und Ausdauer.<\/p>\n<p>&nbsp;<\/p>\n<p>Um diesem Anspruch gerecht zu werden, arbeiten die besten Rennspiele-Entwickler mit Entwicklern und Rennfahrern der realen Rennsportszene zusammen an der bestm\u00f6glichen virtuellen Rennsporterfahrung.[\/vc_column_text][vc_empty_space][vc_column_text]<\/p>\n<h2><b>Faszination schafft Gemeinschaft<\/b><\/h2>\n<p>[\/vc_column_text][vc_column_text]\u00dcber Jahre kontinuierliche Verbesserungen lie\u00dfen den Beliebtheitsgrad der Rennsimulation RaceRoom Racing Experience stetig ansteigen. So hat sich RaceRoom zu einer Simulation f\u00fcr jeden Anspruch weiterentwickelt, das die weltweit vollst\u00e4ndigste Umsetzung realen Motorsports in der virtuellen Welt bietet. In unserer Software setzen wir Inhalte unserer Rennserien Partner eins zu eins realit\u00e4tsnah um und simulieren mit den h\u00f6chsten Anspr\u00fcchen das Fahrverhalten und den Sound der Rennfahrzeuge, um dem virtuellen Rennfahrer dieselbe Emotion zu vermitteln wie einem echten Rennfahrer. Heute ist RaceRoom weit mehr als nur ein Spiel, um das sich eine t\u00e4glich wachsende Motorsport-affine Community virtueller Rennfahrer weltweit aufgebaut hat. Diese nehmen als Einzelpersonen an offiziell ausgerichteten Wettbewerben oder Championships \u00fcber mehrere Runden teil oder verb\u00fcnden und organisieren sich in koordinierten Racing Clubs und Ligen, \u00fcber die sie eigene Meisterschaften ausrichten, Rennen kommentieren, online live \u00fcbertragen und nat\u00fcrlich offizielle RaceRoom Live \u00dcbertragungen verfolgen. Das Durchschnittsalter aller RaceRoom Fans liegt knapp unter 30 Jahren.<\/p>\n<p>&nbsp;<\/p>\n<p>Dazu treten auch immer mehr Unternehmen in das RaceRoom Universum ein, um mit eRacing neue Zielgruppen anzusprechen, die eigene Kernzielgruppe zu unterhalten und Kunden einzuladen, mit ihnen zu interagieren und langfristig f\u00fcr die Marke zu begeistern. RaceRoom verbindet individuell auf Ihre Bed\u00fcrfnisse zugeschnittene Entertainment- und Marketingl\u00f6sungen aus einer Hand.[\/vc_column_text][\/vc_column_inner][vc_column_inner width=&#8220;1\/2&#8243;][vc_single_image image=&#8220;1611&#8243; img_size=&#8220;full&#8220;][vc_column_text]<\/p>\n<blockquote><p><strong>\u201eZuerst war ich wirklich skeptisch. Ich komme aus dem echten Motorsport, war selbst aber noch nie ein Gamer. Als ich dann zum ersten Mal im Simulator auf der virtuellen Rennstrecke angetreten bin, erlebte ich dieselben Emotionen, wie hinter dem echten Steuer. Da erkannte ich die einzigartige M\u00f6glichkeit, Fans die Faszination und Emotion rund um Motorsport zug\u00e4nglich und erlebbar zu machen und sich auf h\u00f6chstem Niveau dem Wettbewerb zu stellen und im Zweikampf zu messen. Heute liefern wir Gesch\u00e4ftskunden mit unseren modularen L\u00f6sungen erstklassigen virtuellen Motorsport zum Auf- und Ausbau nachhaltiger Kundenbeziehungen.\u201c \u00a0 <\/strong><\/p>\n<p>&nbsp;<\/p>\n<p><span style=\"font-weight: 400;\">Klaus Wohlfarth<\/span><span style=\"font-weight: 400;\">,<\/span><span style=\"font-weight: 400;\"> Inhaber der KW automotive, KW Studios und RaceRoom<\/span><\/p><\/blockquote>\n<p>[\/vc_column_text][vc_empty_space height=&#8220;40px&#8220;][vc_single_image image=&#8220;1609&#8243; img_size=&#8220;full&#8220;][\/vc_column_inner][\/vc_row_inner][\/vc_column][\/vc_row][vc_row row_id=&#8220;kommerzielles-entertainment&#8220;][vc_column][vc_row_inner][vc_column_inner][vc_column_text]<\/p>\n<h2><b>Ihr One-Stop-Shop rund um virtuellen Motorsport<\/b><\/h2>\n<p>[\/vc_column_text][\/vc_column_inner][\/vc_row_inner][vc_row_inner][vc_column_inner width=&#8220;1\/4&#8243;][vc_single_image image=&#8220;1613&#8243; img_size=&#8220;full&#8220;][\/vc_column_inner][vc_column_inner width=&#8220;3\/4&#8243;][vc_column_text]RaceRoom steht f\u00fcr alles, von der Rennsimulation f\u00fcr Zuhause bis zum innovativen Marketinginstrument f\u00fcr Unternehmen und bietet Firmenkunden alles aus einer Hand, vom packenden Rennsport-Event als Publikumshighlight auf jeder Art von Veranstaltung, bis hin zur umfassenden Erlebnis-Marketing-Kampagne, nat\u00fcrlich mit vollumf\u00e4nglicher Einbettung Ihrer Firmen CI, um Ihre Marke ins Zentrum des packenden Rennsport-Erlebnisses zu stellen.<\/p>\n<p>&nbsp;<\/p>\n<p>RaceRoom Entertainment entwickelt zusammen mit Sector3 Studios und KW automotive Software und Hardware L\u00f6sungen nach dem neuesten Stand der Technik f\u00fcr professionelles <a href=\"https:\/\/b2b.raceroom.com\/de\/home-entertainment\/\">Home Entertainment<\/a>\u00a0f\u00fcr Endverbraucher, aufregende <a href=\"https:\/\/b2b.raceroom.com\/de\/event-loesungen\/\">Events<\/a>\u00a0f\u00fcr jede Art von Veranstaltung, bis hin zum <a href=\"https:\/\/b2b.raceroom.com\/de\/kommerzielles-entertainment\/\">kommerziellen Entertainment<\/a>\u00a0f\u00fcr die Unterhaltungsbranche und <a href=\"https:\/\/b2b.raceroom.com\/de\/erlebnismarketing\/\">interaktiven Erlebnis-Marketing<\/a>\u00a0f\u00fcr nahezu jedes Unternehmen, das seine Zielgruppe ansprechen, begeistern und f\u00fcr sich gewinnen will.[\/vc_column_text][\/vc_column_inner][\/vc_row_inner][vc_row_inner el_class=&#8220;gamefeatures&#8220;][vc_column_inner][vc_column_text]Die Spitze der Entertainment-Pyramide bilden unsere ma\u00dfgeschneiderten <a href=\"https:\/\/b2b.raceroom.com\/de\/erlebnismarketing\/#onlinekampagne\">eSports Konzepte<\/a>, die den besten Simracern der Welt virtuellen Motorsport auf h\u00f6chstem Niveau bieten und Partnerunternehmen durch <a href=\"https:\/\/b2b.raceroom.com\/de\/erlebnismarketing\/#esportsponsoring\">eSports Sponsoring<\/a> und professionelle Live \u00dcbertragungen ein Maximum an Reichweite und Exposure bescheren.<\/p>\n<p>&nbsp;<\/p>\n<p>Wir schlagen die Br\u00fccke zwischen realen und virtuellen Motorsport und bieten Ihnen f\u00fcr Ihre Kunden online und vor Ort authentischen Rennsport als adrenalingeladene, markengebundene virtuelle Motorsport Erlebnisse, die zusammen mit Ihrer Marke in Erinnerung bleiben.<\/p>\n<p>&nbsp;<\/p>\n<p>Wie weit die Integration virtuellen Motorsports in Ihr Gesch\u00e4ftsmodell auch gehen mag, es ist immer eine L\u00f6sung aus einer Hand. Alle unsere Module sind daf\u00fcr entwickelt, nahtlos ineinander zu greifen und bilden zusammen ein effektives Portfolio an Marketinginstrumenten, die nachhaltig in Ihre Marke einzahlen.[\/vc_column_text][\/vc_column_inner][\/vc_row_inner][\/vc_column][\/vc_row][vc_row css=&#8220;.vc_custom_1429284751606{padding-top: 20px !important;padding-right: 20px !important;padding-bottom: 20px !important;padding-left: 20px !important;}&#8220;][vc_column][vc_empty_space][\/vc_column][\/vc_row][vc_row full_width=&#8220;stretch_row&#8220; parallax=&#8220;parallax&#8220; type=&#8220;in_container_full_width_background&#8220; custom_bg=&#8220;1198&#8243; custom_bg_size=&#8220;cover&#8220; custom_color_bg=&#8220;0,0,0,0.4&#8243;][vc_column][vc_empty_space height=&#8220;250px&#8220;][\/vc_column][\/vc_row][vc_row css=&#8220;.vc_custom_1429284751606{padding-top: 20px !important;padding-right: 20px !important;padding-bottom: 20px !important;padding-left: 20px !important;}&#8220;][vc_column][vc_empty_space][\/vc_column][\/vc_row][vc_row][vc_column][vc_column_text]<\/p>\n<h2><b>Unsere Kunden<\/b><\/h2>\n<p>[\/vc_column_text][\/vc_column][\/vc_row][vc_row][vc_column][vc_images_carousel images=&#8220;1516,1517,1518,1519,1521,1522,1584,1523&#8243; onclick=&#8220;link_no&#8220; slides_per_view=&#8220;8&#8243; hide_pagination_control=&#8220;yes&#8220; hide_prev_next_buttons=&#8220;yes&#8220;][vc_images_carousel images=&#8220;1618,1525,1524,1526,1540,1527,1528,1529&#8243; onclick=&#8220;link_no&#8220; slides_per_view=&#8220;8&#8243; hide_pagination_control=&#8220;yes&#8220; hide_prev_next_buttons=&#8220;yes&#8220;][vc_images_carousel images=&#8220;1530,1531,1532,1533,1534,1535,1536,1537&#8243; onclick=&#8220;link_no&#8220; slides_per_view=&#8220;8&#8243; hide_pagination_control=&#8220;yes&#8220; hide_prev_next_buttons=&#8220;yes&#8220;][vc_images_carousel images=&#8220;1538,1539,1553,1554,1585,1552,1586,1551&#8243; onclick=&#8220;link_no&#8220; slides_per_view=&#8220;8&#8243; hide_pagination_control=&#8220;yes&#8220; hide_prev_next_buttons=&#8220;yes&#8220;][vc_images_carousel images=&#8220;1541,1542,1587,1543,1544,1556,1545,1546&#8243; onclick=&#8220;link_no&#8220; slides_per_view=&#8220;8&#8243; hide_pagination_control=&#8220;yes&#8220; hide_prev_next_buttons=&#8220;yes&#8220;][vc_images_carousel images=&#8220;1588,1547,1555,1548,1549,1557,1558,1559&#8243; onclick=&#8220;link_no&#8220; slides_per_view=&#8220;8&#8243; hide_pagination_control=&#8220;yes&#8220; hide_prev_next_buttons=&#8220;yes&#8220;][\/vc_column][\/vc_row]<\/p>\n<\/div>","protected":false},"excerpt":{"rendered":"<p>[vc_row type=&#8220;in_container_full_width_background&#8220; custom_color_bg=&#8220;0,0,0,1&#8243; css=&#8220;.vc_custom_1432510955114{padding-top: 40px !important;padding-right: 20px !important;padding-bottom: 0px !important;padding-left: 20px !important;}&#8220; el_class=&#8220;link_to_download&#8220;][vc_column][\/vc_column][\/vc_row][vc_row css=&#8220;.vc_custom_1429284751606{padding-top: 20px !important;padding-right: 20px !important;padding-bottom: 20px !important;padding-left: 20px !important;}&#8220;][vc_column][vc_empty_space][\/vc_column][\/vc_row][vc_row][vc_column width=&#8220;1\/2&#8243;][vc_row_inner][vc_column_inner][vc_column_text] Eventl\u00f6sungen Emotionale Rennsport-Erlebnisse als Publikumsmagnet in Ihrer CI [\/vc_column_text][vc_images_carousel images=&#8220;1935,1898,1929,1900,1911,26,29,31,32,21,25&#8243; slides_per_view=&#8220;2&#8243; hide_pagination_control=&#8220;yes&#8220; wrap=&#8220;yes&#8220;][vc_column_text] Erlebnismarketing Online Marketing Kampagnen, Giveaways bis zum eSport Sponsoring [\/vc_column_text][vc_images_carousel images=&#8220;1949,1461,68,70,51,71,1462&#8243; slides_per_view=&#8220;2&#8243; hide_pagination_control=&#8220;yes&#8220; wrap=&#8220;yes&#8220;][\/vc_column_inner][\/vc_row_inner][\/vc_column][vc_column width=&#8220;1\/2&#8243;][vc_row_inner][vc_column_inner][vc_column_text] Kommerzielles Entertainment eRacing als [&hellip;]<\/p>\n","protected":false},"author":2,"featured_media":0,"parent":0,"menu_order":0,"comment_status":"open","ping_status":"open","template":"","meta":{"_acf_changed":false,"footnotes":""},"class_list":["post-11","page","type-page","status-publish","hentry"],"acf":[],"yoast_head":"<!-- This site is optimized with the Yoast SEO plugin v25.2 - https:\/\/yoast.com\/wordpress\/plugins\/seo\/ -->\n<title>B2B Startseite - Raceroom.com<\/title>\n<meta name=\"robots\" content=\"index, follow, max-snippet:-1, max-image-preview:large, max-video-preview:-1\" \/>\n<link rel=\"canonical\" href=\"https:\/\/b2b.raceroom.com\/de\/\" \/>\n<meta property=\"og:locale\" content=\"de_DE\" \/>\n<meta property=\"og:type\" content=\"article\" \/>\n<meta property=\"og:title\" content=\"B2B Startseite - Raceroom.com\" \/>\n<meta property=\"og:description\" content=\"[vc_row type=&#8220;in_container_full_width_background&#8220; custom_color_bg=&#8220;0,0,0,1&#8243; css=&#8220;.vc_custom_1432510955114{padding-top: 40px !important;padding-right: 20px !important;padding-bottom: 0px !important;padding-left: 20px !important;}&#8220; el_class=&#8220;link_to_download&#8220;][vc_column][\/vc_column][\/vc_row][vc_row css=&#8220;.vc_custom_1429284751606{padding-top: 20px !important;padding-right: 20px !important;padding-bottom: 20px !important;padding-left: 20px !important;}&#8220;][vc_column][vc_empty_space][\/vc_column][\/vc_row][vc_row][vc_column width=&#8220;1\/2&#8243;][vc_row_inner][vc_column_inner][vc_column_text] Eventl\u00f6sungen Emotionale Rennsport-Erlebnisse als Publikumsmagnet in Ihrer CI [\/vc_column_text][vc_images_carousel images=&#8220;1935,1898,1929,1900,1911,26,29,31,32,21,25&#8243; slides_per_view=&#8220;2&#8243; hide_pagination_control=&#8220;yes&#8220; wrap=&#8220;yes&#8220;][vc_column_text] Erlebnismarketing Online Marketing Kampagnen, Giveaways bis zum eSport Sponsoring [\/vc_column_text][vc_images_carousel images=&#8220;1949,1461,68,70,51,71,1462&#8243; slides_per_view=&#8220;2&#8243; hide_pagination_control=&#8220;yes&#8220; wrap=&#8220;yes&#8220;][\/vc_column_inner][\/vc_row_inner][\/vc_column][vc_column width=&#8220;1\/2&#8243;][vc_row_inner][vc_column_inner][vc_column_text] Kommerzielles Entertainment eRacing als [&hellip;]\" \/>\n<meta property=\"og:url\" content=\"https:\/\/b2b.raceroom.com\/de\/\" \/>\n<meta property=\"og:site_name\" content=\"Raceroom.com B2B\" \/>\n<meta property=\"article:modified_time\" content=\"2023-06-23T11:41:10+00:00\" \/>\n<meta name=\"twitter:card\" content=\"summary_large_image\" \/>\n<meta name=\"twitter:label1\" content=\"Gesch\u00e4tzte Lesezeit\" \/>\n\t<meta name=\"twitter:data1\" content=\"5\u00a0Minuten\" \/>\n<script type=\"application\/ld+json\" class=\"yoast-schema-graph\">{\"@context\":\"https:\/\/schema.org\",\"@graph\":[{\"@type\":\"WebPage\",\"@id\":\"https:\/\/b2b.raceroom.com\/de\/\",\"url\":\"https:\/\/b2b.raceroom.com\/de\/\",\"name\":\"B2B Startseite - Raceroom.com\",\"isPartOf\":{\"@id\":\"https:\/\/b2b.raceroom.com\/de\/#website\"},\"datePublished\":\"2015-08-13T07:33:42+00:00\",\"dateModified\":\"2023-06-23T11:41:10+00:00\",\"breadcrumb\":{\"@id\":\"https:\/\/b2b.raceroom.com\/de\/#breadcrumb\"},\"inLanguage\":\"de\",\"potentialAction\":[{\"@type\":\"ReadAction\",\"target\":[\"https:\/\/b2b.raceroom.com\/de\/\"]}]},{\"@type\":\"BreadcrumbList\",\"@id\":\"https:\/\/b2b.raceroom.com\/de\/#breadcrumb\",\"itemListElement\":[{\"@type\":\"ListItem\",\"position\":1,\"name\":\"Home\",\"item\":\"https:\/\/b2b.raceroom.com\/de\/\"},{\"@type\":\"ListItem\",\"position\":2,\"name\":\"Startseite\"}]},{\"@type\":\"WebSite\",\"@id\":\"https:\/\/b2b.raceroom.com\/de\/#website\",\"url\":\"https:\/\/b2b.raceroom.com\/de\/\",\"name\":\"Raceroom.com B2B\",\"description\":\"\",\"potentialAction\":[{\"@type\":\"SearchAction\",\"target\":{\"@type\":\"EntryPoint\",\"urlTemplate\":\"https:\/\/b2b.raceroom.com\/de\/?s={search_term_string}\"},\"query-input\":{\"@type\":\"PropertyValueSpecification\",\"valueRequired\":true,\"valueName\":\"search_term_string\"}}],\"inLanguage\":\"de\"}]}<\/script>\n<!-- \/ Yoast SEO plugin. -->","yoast_head_json":{"title":"B2B Startseite - Raceroom.com","robots":{"index":"index","follow":"follow","max-snippet":"max-snippet:-1","max-image-preview":"max-image-preview:large","max-video-preview":"max-video-preview:-1"},"canonical":"https:\/\/b2b.raceroom.com\/de\/","og_locale":"de_DE","og_type":"article","og_title":"B2B Startseite - Raceroom.com","og_description":"[vc_row type=&#8220;in_container_full_width_background&#8220; custom_color_bg=&#8220;0,0,0,1&#8243; css=&#8220;.vc_custom_1432510955114{padding-top: 40px !important;padding-right: 20px !important;padding-bottom: 0px !important;padding-left: 20px !important;}&#8220; el_class=&#8220;link_to_download&#8220;][vc_column][\/vc_column][\/vc_row][vc_row css=&#8220;.vc_custom_1429284751606{padding-top: 20px !important;padding-right: 20px !important;padding-bottom: 20px !important;padding-left: 20px !important;}&#8220;][vc_column][vc_empty_space][\/vc_column][\/vc_row][vc_row][vc_column width=&#8220;1\/2&#8243;][vc_row_inner][vc_column_inner][vc_column_text] Eventl\u00f6sungen Emotionale Rennsport-Erlebnisse als Publikumsmagnet in Ihrer CI [\/vc_column_text][vc_images_carousel images=&#8220;1935,1898,1929,1900,1911,26,29,31,32,21,25&#8243; slides_per_view=&#8220;2&#8243; hide_pagination_control=&#8220;yes&#8220; wrap=&#8220;yes&#8220;][vc_column_text] Erlebnismarketing Online Marketing Kampagnen, Giveaways bis zum eSport Sponsoring [\/vc_column_text][vc_images_carousel images=&#8220;1949,1461,68,70,51,71,1462&#8243; slides_per_view=&#8220;2&#8243; hide_pagination_control=&#8220;yes&#8220; wrap=&#8220;yes&#8220;][\/vc_column_inner][\/vc_row_inner][\/vc_column][vc_column width=&#8220;1\/2&#8243;][vc_row_inner][vc_column_inner][vc_column_text] Kommerzielles Entertainment eRacing als [&hellip;]","og_url":"https:\/\/b2b.raceroom.com\/de\/","og_site_name":"Raceroom.com B2B","article_modified_time":"2023-06-23T11:41:10+00:00","twitter_card":"summary_large_image","twitter_misc":{"Gesch\u00e4tzte Lesezeit":"5\u00a0Minuten"},"schema":{"@context":"https:\/\/schema.org","@graph":[{"@type":"WebPage","@id":"https:\/\/b2b.raceroom.com\/de\/","url":"https:\/\/b2b.raceroom.com\/de\/","name":"B2B Startseite - Raceroom.com","isPartOf":{"@id":"https:\/\/b2b.raceroom.com\/de\/#website"},"datePublished":"2015-08-13T07:33:42+00:00","dateModified":"2023-06-23T11:41:10+00:00","breadcrumb":{"@id":"https:\/\/b2b.raceroom.com\/de\/#breadcrumb"},"inLanguage":"de","potentialAction":[{"@type":"ReadAction","target":["https:\/\/b2b.raceroom.com\/de\/"]}]},{"@type":"BreadcrumbList","@id":"https:\/\/b2b.raceroom.com\/de\/#breadcrumb","itemListElement":[{"@type":"ListItem","position":1,"name":"Home","item":"https:\/\/b2b.raceroom.com\/de\/"},{"@type":"ListItem","position":2,"name":"Startseite"}]},{"@type":"WebSite","@id":"https:\/\/b2b.raceroom.com\/de\/#website","url":"https:\/\/b2b.raceroom.com\/de\/","name":"Raceroom.com B2B","description":"","potentialAction":[{"@type":"SearchAction","target":{"@type":"EntryPoint","urlTemplate":"https:\/\/b2b.raceroom.com\/de\/?s={search_term_string}"},"query-input":{"@type":"PropertyValueSpecification","valueRequired":true,"valueName":"search_term_string"}}],"inLanguage":"de"}]}},"_links":{"self":[{"href":"https:\/\/b2b.raceroom.com\/de\/wp-json\/wp\/v2\/pages\/11","targetHints":{"allow":["GET"]}}],"collection":[{"href":"https:\/\/b2b.raceroom.com\/de\/wp-json\/wp\/v2\/pages"}],"about":[{"href":"https:\/\/b2b.raceroom.com\/de\/wp-json\/wp\/v2\/types\/page"}],"author":[{"embeddable":true,"href":"https:\/\/b2b.raceroom.com\/de\/wp-json\/wp\/v2\/users\/2"}],"replies":[{"embeddable":true,"href":"https:\/\/b2b.raceroom.com\/de\/wp-json\/wp\/v2\/comments?post=11"}],"version-history":[{"count":0,"href":"https:\/\/b2b.raceroom.com\/de\/wp-json\/wp\/v2\/pages\/11\/revisions"}],"wp:attachment":[{"href":"https:\/\/b2b.raceroom.com\/de\/wp-json\/wp\/v2\/media?parent=11"}],"curies":[{"name":"wp","href":"https:\/\/api.w.org\/{rel}","templated":true}]}}